{"id":1260,"date":"2022-07-18T09:50:40","date_gmt":"2022-07-18T09:50:40","guid":{"rendered":"http:\/\/omberg.lt\/slapuku-politika\/"},"modified":"2022-09-02T08:55:42","modified_gmt":"2022-09-02T08:55:42","slug":"cookie-policy","status":"publish","type":"page","link":"https:\/\/omberg.lt\/en\/cookie-policy\/","title":{"rendered":"COOKIE POLICY"},"content":{"rendered":"&#13;\n<h5 class=\"wp-block-heading\">PASKUTIN\u0116 ATNAUJINIMO DATA: 2021 M. SPALIO 21 D.<\/h5>&#13;\n<p>\u00a0<\/p>&#13;\n&#13;\n<h4 class=\"wp-block-heading\"><strong>1. Kas yra slapukai?<\/strong><\/h4>&#13;\n&#13;\n<p>Slapukai yra ma\u017ei tekstiniai failai, saugomi J\u016bs\u0173 \u012frenginio (pvz., kompiuterio, mobiliojo telefono, plan\u0161et\u0117s) nar\u0161ykl\u0117je, kai J\u016bs nar\u0161ote interneto svetain\u0117se.\u00a0Kitos technologijos, \u012fskaitant duomenis, kuriuos i\u0161saugome J\u016bs\u0173 interneto nar\u0161ykl\u0117je ar \u012frenginyje, su J\u016bs\u0173 \u012frenginiu susijusius identifikatorius bei kit\u0105 programin\u0119 \u012frang\u0105, naudojamos pana\u0161iais tikslais.\u00a0Slapukai\u00a0pla\u010diai naudojami, kad svetain\u0117s veikt\u0173 arba veikt\u0173 geriau ir veiksmingiau. \u0160ioje politikoje visos min\u0117tos technologijos vadinamos \u201eslapukais\u201c.\u00a0<\/p>&#13;\n&#13;\n<h4 class=\"wp-block-heading\"><strong>2. Kod\u0117l j\u016bs naudojate slapukus?<\/strong><\/h4>&#13;\n&#13;\n<p>We use cookies<\/p>&#13;\n&#13;\n<ul class=\"wp-block-list\">&#13;\n<li>analizuoti kaip vartotojai naudojasi m\u016bs\u0173 svetaine;<\/li>&#13;\n<li>steb\u0117ti m\u016bs\u0173 svetain\u0117s lankomumo poky\u010dius;<\/li>&#13;\n<li>kurti efektyvesn\u0119 rinkodar\u0105;<\/li>&#13;\n<li>\u012fsiminti J\u016bs\u0173 slapuk\u0173 pasirinkimus.<\/li>&#13;\n<\/ul>&#13;\n&#13;\n<h4 class=\"wp-block-heading\"><strong>3. Koki\u0173 tip\u0173 slapukai gali b\u016bti?<\/strong><\/h4>&#13;\n&#13;\n<p>(a) Grie\u017etai privalomi slapukai<br\/>\u0160ie slapukai svetain\u0117je yra b\u016btini, kad vartotojas gal\u0117t\u0173 nar\u0161yti ir naudotis svetain\u0117s funkcijomis, pvz., \u012fsiminti formose \u012fvest\u0105 informacij\u0105, kai vartotojas pereina nuo vieno puslapio prie kito nar\u0161ymo seanso metu. Be grie\u017etai privalom\u0173 slapuk\u0173 tapt\u0173 ne\u012fmanoma teikti tam tikras svetain\u0117s paslaugas, o svetain\u0117 veikt\u0173 ne taip skland\u017eiai, kaip tur\u0117t\u0173. \u0160ie slapukai nerenka jokios informacijos rinkodaros tikslais ir ne\u012fsimena, kur j\u016bs lank\u0117t\u0117s internete.<\/p>&#13;\n&#13;\n<p>(b) Analitiniai slapukai<br\/>Analitiniai slapukai renka informacij\u0105 apie svetain\u0117s naudojim\u0105 ir padeda tobulinti svetain\u0117s veikim\u0105. Pavyzd\u017eiui, analitiniai slapukai gali parodyti, kuriuose puslapiuose lankomasi da\u017eniausiai, pad\u0117ti registruoti svetain\u0117je vykstan\u010dius nesklandumus ir parodyti, ar svetain\u0117je rodoma reklama yra veiksminga. Analitiniai slapukai nerenka asmenin\u0117s vartotoj\u0173 informacijos ir visa \u0161i\u0173 slapuk\u0173 surinkta informacija yra apibendrinta ir anonimi\u0161ka.<\/p>&#13;\n&#13;\n<p>(c) Funkciniai slapukai<br\/>Funkciniai slapukai leid\u017eia svetainei \u012fsiminti j\u016bs\u0173 pasirinkimus ir pateikti patobulint\u0173 bei labiau j\u016bs\u0173 poreikiams pritaikyt\u0173 funkcij\u0173. Funkciniai slapukai taip pat \u012fsimena j\u016bs\u0173 padarytus pakeitimus, pvz., tam tikro tinklalapio individualizavim\u0105, taip pat kitais atvejais, pvz., kai \u017ei\u016brite vaizdo \u012fra\u0161\u0105 ar m\u016bs\u0173 tinklalapyje paliekate komentar\u0105. Funkciniai slapukai neseka j\u016bs\u0173 veiksm\u0173 kitose svetain\u0117se.<\/p>&#13;\n&#13;\n<p>(d) Reklaminiai slapukai<br\/>Reklaminiai slapukai naudojami rodyti daugiau \u012fdomi\u0173 skelbim\u0173, kurie labiau atitinka j\u016bs\u0173 interesus, arba apriboti skelbim\u0173 skai\u010di\u0173 tose pa\u010diose skelbim\u0173 parodose j\u016bs\u0173 lankomoje svetain\u0117je. \u0160is slapuk\u0173 tipas taip pat naudojamas kampanijos efektyvumui \u012fvertinti. \u0160ie slapukai gali b\u016bti naudojami siekiant atsiminti, k\u0105 veik\u0117te interneto svetain\u0117je.<\/p>&#13;\n&#13;\n<h4 class=\"wp-block-heading\"><strong>4. Kokius slapukus naudojame mes?<\/strong><\/h4>&#13;\n&#13;\n<p>Mes naudojame \u0161iuos slapukus:<\/p>&#13;\n&#13;\n<figure class=\"wp-block-table\">&#13;\n<table>&#13;\n<thead>&#13;\n<tr>&#13;\n<th><strong>SLAPUKO KATEGORIJA<\/strong><\/th>&#13;\n<th><strong>SLAPUKO PAVADINIMAS<\/strong><\/th>&#13;\n<th><strong>SLAPUKO GALIOJIMO LAIKAS<\/strong><\/th>&#13;\n<th>SLAPUKO TIKSLAS<\/th>&#13;\n<\/tr>&#13;\n<\/thead>&#13;\n<tbody>&#13;\n<tr>&#13;\n<td>Reklaminiai slapukai<\/td>&#13;\n<td>_gcl_au<\/td>&#13;\n<td>3 m\u0117n.<\/td>&#13;\n<td>Naudoja \u201eGoogle AdSense\u201c, kad gal\u0117t\u0173 eksperimentuoti su reklamos efektyvumu svetain\u0117se, kuriose naudojamos j\u0173 paslaugos.<\/td>&#13;\n<\/tr>&#13;\n<tr>&#13;\n<td><br\/>Reklaminiai slapukai<\/td>&#13;\n<td>ads\/ga-audiences<\/td>&#13;\n<td>1 sesija<\/td>&#13;\n<td>Naudoja \u201eGoogle AdWords\u201c, kad pakartotinai sudomint\u0173 lankytojus, kurie, atsi\u017evelgiant \u012f lankytoj\u0173 elges\u012f internete, gali tapti potencialiais klientais.<\/td>&#13;\n<\/tr>&#13;\n<tr>&#13;\n<td><br\/>Reklaminiai slapukai<\/td>&#13;\n<td>pagead\/landing<\/td>&#13;\n<td>1 sesija<\/td>&#13;\n<td>Renka duomenis apie lankytoj\u0173 elges\u012f i\u0161 keli\u0173 svetaini\u0173, kad b\u016bt\u0173 galima pateikti aktualesn\u0119 reklam\u0105 \u2013 tai taip pat leid\u017eia svetainei apriboti, kiek kart\u0173 jiems bus rodoma ta pati reklama.<\/td>&#13;\n<\/tr>&#13;\n<tr>&#13;\n<td><br\/>Grie\u017etai privalomi slapukai<\/td>&#13;\n<td>CookieConsent<\/td>&#13;\n<td>1 metai<\/td>&#13;\n<td>Saugo naudotojo sutikimo su slapuku b\u016bsen\u0105.<\/td>&#13;\n<\/tr>&#13;\n<tr>&#13;\n<td><br\/>Grie\u017etai privalomi slapukai<\/td>&#13;\n<td>test_cookie<\/td>&#13;\n<td>24 val.<\/td>&#13;\n<td>Naudojamas patikrinti, ar vartotojo nar\u0161ykl\u0117 palaiko slapukus.<\/td>&#13;\n<\/tr>&#13;\n<tr>&#13;\n<td><br\/>Analitiniai slapukai<\/td>&#13;\n<td>_ga<\/td>&#13;\n<td>2 metai<\/td>&#13;\n<td>Stebi unikal\u0173 vartotojo ID, kuris naudojamas statistiniams duomenims rinkti apie tai, kaip lankytojas naudojasi svetaine.<\/td>&#13;\n<\/tr>&#13;\n<tr>&#13;\n<td><br\/>Analitiniai slapukai<\/td>&#13;\n<td>_gat<\/td>&#13;\n<td>24 val.<\/td>&#13;\n<td>Naudoja \u201eGoogle Analytics\u201c, kad suma\u017eint\u0173 u\u017eklaus\u0173 da\u017en\u012f.<\/td>&#13;\n<\/tr>&#13;\n<tr>&#13;\n<td><br\/>Analitiniai slapukai<\/td>&#13;\n<td>_gid<\/td>&#13;\n<td>24 val.<\/td>&#13;\n<td>Stebi unikal\u0173 vartotojo ID, kuris naudojamas statistiniams duomenims rinkti apie tai, kaip lankytojas naudojasi svetaine.<\/td>&#13;\n<\/tr>&#13;\n<tr>&#13;\n<td><br\/>Analitiniai slapukai<\/td>&#13;\n<td>collect<\/td>&#13;\n<td>1 sesija<\/td>&#13;\n<td>Naudojama si\u0173sti duomenis \u012f \u201eGoogle Analytics\u201c apie lankytojo \u012frengin\u012f ir elges\u012f. Stebi lankytoj\u0105 \u012fvairiuose \u012frenginiuose ir rinkodaros kanaluose.<\/td>&#13;\n<\/tr>&#13;\n<\/tbody>&#13;\n<\/table>&#13;\n<\/figure>&#13;\n&#13;\n<h4 class=\"wp-block-heading\"><strong>5. Kaip galiu valdyti slapukus?<\/strong><\/h4>&#13;\n&#13;\n<p>Galite kontroliuoti slapuk\u0173 naudojim\u0105, pakeit\u0119 nar\u0161ykl\u0117s nustatymus. D\u0117l daugiau informacijos pra\u0161ome patikrinti naudojamos nar\u0161ykl\u0117s k\u016br\u0117jo interneto puslap\u012f.<br\/>Atkreipkite d\u0117mes\u012f, kad trindami slapukus arba i\u0161jungdami slapuk\u0173 naudojim\u0105 ateityje, galite nepasiekti tam tikr\u0173 m\u016bs\u0173 svetain\u0117s dali\u0173 ar funkcij\u0173. Jei pakeisite slapuk\u0173 nustatymus, tai gali paveikti ir kitas j\u016bs\u0173 lankomas svetaines.<\/p>&#13;\n","protected":false},"excerpt":{"rendered":"<p>&#13; PASKUTIN\u0116 ATNAUJINIMO DATA: 2021 M. SPALIO 21 D. &#13; \u00a0 &#13; &#13; 1. Kas yra slapukai? &#13; &#13; Slapukai yra ma\u017ei tekstiniai failai, saugomi J\u016bs\u0173 \u012frenginio (pvz., kompiuterio, mobiliojo telefono, plan\u0161et\u0117s) nar\u0161ykl\u0117je, kai J\u016bs nar\u0161ote interneto svetain\u0117se.\u00a0Kitos technologijos, \u012fskaitant duomenis, kuriuos i\u0161saugome J\u016bs\u0173 interneto nar\u0161ykl\u0117je ar \u012frenginyje, su J\u016bs\u0173 \u012frenginiu susijusius identifikatorius bei kit\u0105 &hellip; <a href=\"https:\/\/omberg.lt\/en\/cookie-policy\/\">Continued<\/a><\/p>\n","protected":false},"author":6,"featured_media":0,"parent":0,"menu_order":0,"comment_status":"closed","ping_status":"closed","template":"","meta":{"_acf_changed":false,"footnotes":""},"class_list":["post-1260","page","type-page","status-publish","hentry"],"acf":[],"yoast_head":"<!-- This site is optimized with the Yoast SEO plugin v27.3 - https:\/\/yoast.com\/product\/yoast-seo-wordpress\/ -->\n<title>COOKIE POLICY - Omberg<\/title>\n<meta name=\"robots\" content=\"index, follow, max-snippet:-1, max-image-preview:large, max-video-preview:-1\" \/>\n<link rel=\"canonical\" href=\"https:\/\/omberg.lt\/en\/cookie-policy\/\" \/>\n<meta property=\"og:locale\" content=\"en_US\" \/>\n<meta property=\"og:type\" content=\"article\" \/>\n<meta property=\"og:title\" content=\"COOKIE POLICY - Omberg\" \/>\n<meta property=\"og:description\" content=\"&#013; PASKUTIN\u0116 ATNAUJINIMO DATA: 2021 M. SPALIO 21 D. &#013; \u00a0 &#013; &#013; 1. Kas yra slapukai? &#013; &#013; Slapukai yra ma\u017ei tekstiniai failai, saugomi J\u016bs\u0173 \u012frenginio (pvz., kompiuterio, mobiliojo telefono, plan\u0161et\u0117s) nar\u0161ykl\u0117je, kai J\u016bs nar\u0161ote interneto svetain\u0117se.\u00a0Kitos technologijos, \u012fskaitant duomenis, kuriuos i\u0161saugome J\u016bs\u0173 interneto nar\u0161ykl\u0117je ar \u012frenginyje, su J\u016bs\u0173 \u012frenginiu susijusius identifikatorius bei kit\u0105 &hellip; Continued\" \/>\n<meta property=\"og:url\" content=\"https:\/\/omberg.lt\/en\/cookie-policy\/\" \/>\n<meta property=\"og:site_name\" content=\"Omberg\" \/>\n<meta property=\"article:modified_time\" content=\"2022-09-02T08:55:42+00:00\" \/>\n<meta name=\"twitter:card\" content=\"summary_large_image\" \/>\n<meta name=\"twitter:label1\" content=\"Est. reading time\" \/>\n\t<meta name=\"twitter:data1\" content=\"4 minutes\" \/>\n<script type=\"application\/ld+json\" class=\"yoast-schema-graph\">{\"@context\":\"https:\\\/\\\/schema.org\",\"@graph\":[{\"@type\":\"WebPage\",\"@id\":\"https:\\\/\\\/omberg.lt\\\/en\\\/cookie-policy\\\/\",\"url\":\"https:\\\/\\\/omberg.lt\\\/en\\\/cookie-policy\\\/\",\"name\":\"COOKIE POLICY - Omberg\",\"isPartOf\":{\"@id\":\"https:\\\/\\\/omberg.lt\\\/en\\\/#website\"},\"datePublished\":\"2022-07-18T09:50:40+00:00\",\"dateModified\":\"2022-09-02T08:55:42+00:00\",\"breadcrumb\":{\"@id\":\"https:\\\/\\\/omberg.lt\\\/en\\\/cookie-policy\\\/#breadcrumb\"},\"inLanguage\":\"en-US\",\"potentialAction\":[{\"@type\":\"ReadAction\",\"target\":[\"https:\\\/\\\/omberg.lt\\\/en\\\/cookie-policy\\\/\"]}]},{\"@type\":\"BreadcrumbList\",\"@id\":\"https:\\\/\\\/omberg.lt\\\/en\\\/cookie-policy\\\/#breadcrumb\",\"itemListElement\":[{\"@type\":\"ListItem\",\"position\":1,\"name\":\"Home\",\"item\":\"https:\\\/\\\/omberg.lt\\\/en\\\/omberg-group\\\/\"},{\"@type\":\"ListItem\",\"position\":2,\"name\":\"COOKIE POLICY\"}]},{\"@type\":\"WebSite\",\"@id\":\"https:\\\/\\\/omberg.lt\\\/en\\\/#website\",\"url\":\"https:\\\/\\\/omberg.lt\\\/en\\\/\",\"name\":\"Omberg\",\"description\":\"Namai gyvenimui ir verslui\",\"potentialAction\":[{\"@type\":\"SearchAction\",\"target\":{\"@type\":\"EntryPoint\",\"urlTemplate\":\"https:\\\/\\\/omberg.lt\\\/en\\\/?s={search_term_string}\"},\"query-input\":{\"@type\":\"PropertyValueSpecification\",\"valueRequired\":true,\"valueName\":\"search_term_string\"}}],\"inLanguage\":\"en-US\"}]}<\/script>\n<!-- \/ Yoast SEO plugin. -->","yoast_head_json":{"title":"COOKIE POLICY - Omberg","robots":{"index":"index","follow":"follow","max-snippet":"max-snippet:-1","max-image-preview":"max-image-preview:large","max-video-preview":"max-video-preview:-1"},"canonical":"https:\/\/omberg.lt\/en\/cookie-policy\/","og_locale":"en_US","og_type":"article","og_title":"COOKIE POLICY - Omberg","og_description":"&#13; PASKUTIN\u0116 ATNAUJINIMO DATA: 2021 M. SPALIO 21 D. &#13; \u00a0 &#13; &#13; 1. Kas yra slapukai? &#13; &#13; Slapukai yra ma\u017ei tekstiniai failai, saugomi J\u016bs\u0173 \u012frenginio (pvz., kompiuterio, mobiliojo telefono, plan\u0161et\u0117s) nar\u0161ykl\u0117je, kai J\u016bs nar\u0161ote interneto svetain\u0117se.\u00a0Kitos technologijos, \u012fskaitant duomenis, kuriuos i\u0161saugome J\u016bs\u0173 interneto nar\u0161ykl\u0117je ar \u012frenginyje, su J\u016bs\u0173 \u012frenginiu susijusius identifikatorius bei kit\u0105 &hellip; Continued","og_url":"https:\/\/omberg.lt\/en\/cookie-policy\/","og_site_name":"Omberg","article_modified_time":"2022-09-02T08:55:42+00:00","twitter_card":"summary_large_image","twitter_misc":{"Est. reading time":"4 minutes"},"schema":{"@context":"https:\/\/schema.org","@graph":[{"@type":"WebPage","@id":"https:\/\/omberg.lt\/en\/cookie-policy\/","url":"https:\/\/omberg.lt\/en\/cookie-policy\/","name":"COOKIE POLICY - Omberg","isPartOf":{"@id":"https:\/\/omberg.lt\/en\/#website"},"datePublished":"2022-07-18T09:50:40+00:00","dateModified":"2022-09-02T08:55:42+00:00","breadcrumb":{"@id":"https:\/\/omberg.lt\/en\/cookie-policy\/#breadcrumb"},"inLanguage":"en-US","potentialAction":[{"@type":"ReadAction","target":["https:\/\/omberg.lt\/en\/cookie-policy\/"]}]},{"@type":"BreadcrumbList","@id":"https:\/\/omberg.lt\/en\/cookie-policy\/#breadcrumb","itemListElement":[{"@type":"ListItem","position":1,"name":"Home","item":"https:\/\/omberg.lt\/en\/omberg-group\/"},{"@type":"ListItem","position":2,"name":"COOKIE POLICY"}]},{"@type":"WebSite","@id":"https:\/\/omberg.lt\/en\/#website","url":"https:\/\/omberg.lt\/en\/","name":"Omberg","description":"Namai gyvenimui ir verslui","potentialAction":[{"@type":"SearchAction","target":{"@type":"EntryPoint","urlTemplate":"https:\/\/omberg.lt\/en\/?s={search_term_string}"},"query-input":{"@type":"PropertyValueSpecification","valueRequired":true,"valueName":"search_term_string"}}],"inLanguage":"en-US"}]}},"_links":{"self":[{"href":"https:\/\/omberg.lt\/en\/wp-json\/wp\/v2\/pages\/1260","targetHints":{"allow":["GET"]}}],"collection":[{"href":"https:\/\/omberg.lt\/en\/wp-json\/wp\/v2\/pages"}],"about":[{"href":"https:\/\/omberg.lt\/en\/wp-json\/wp\/v2\/types\/page"}],"author":[{"embeddable":true,"href":"https:\/\/omberg.lt\/en\/wp-json\/wp\/v2\/users\/6"}],"replies":[{"embeddable":true,"href":"https:\/\/omberg.lt\/en\/wp-json\/wp\/v2\/comments?post=1260"}],"version-history":[{"count":5,"href":"https:\/\/omberg.lt\/en\/wp-json\/wp\/v2\/pages\/1260\/revisions"}],"predecessor-version":[{"id":1708,"href":"https:\/\/omberg.lt\/en\/wp-json\/wp\/v2\/pages\/1260\/revisions\/1708"}],"wp:attachment":[{"href":"https:\/\/omberg.lt\/en\/wp-json\/wp\/v2\/media?parent=1260"}],"curies":[{"name":"wp","href":"https:\/\/api.w.org\/{rel}","templated":true}]}}