{"id":1421,"date":"2022-07-20T06:34:42","date_gmt":"2022-07-20T06:34:42","guid":{"rendered":"http:\/\/omberg.lt\/ikurdinkite-savo-versla-skylum-dangoraizyje-irin-patogioje-ir-nuolat-besivystancioje-vilniaus-erdveje\/"},"modified":"2026-03-20T10:11:28","modified_gmt":"2026-03-20T10:11:28","slug":"skylum-a-highly-convenient-space-in-vilnius-for-your-business","status":"publish","type":"page","link":"https:\/\/omberg.lt\/en\/skylum-a-highly-convenient-space-in-vilnius-for-your-business\/","title":{"rendered":"Choose \u2018Skylum\u2019 \u2013 a highly convenient and ever-changing space in Vilnius \u2013 for your business"},"content":{"rendered":"\n<p><p><img loading=\"lazy\" decoding=\"async\" width=\"1024\" height=\"576\" class=\"alignnone wp-image-934 size-large\" src=\"http:\/\/omberg.lt\/app\/uploads\/2022\/07\/c011126-2-1024x576.jpg\" alt=\"\" srcset=\"https:\/\/omberg.lt\/wp-content\/uploads\/2022\/07\/c011126-2-1024x576.jpg 1024w, https:\/\/omberg.lt\/wp-content\/uploads\/2022\/07\/c011126-2-300x169.jpg 300w, https:\/\/omberg.lt\/wp-content\/uploads\/2022\/07\/c011126-2-768x432.jpg 768w, https:\/\/omberg.lt\/wp-content\/uploads\/2022\/07\/c011126-2-1536x864.jpg 1536w, https:\/\/omberg.lt\/wp-content\/uploads\/2022\/07\/c011126-2-2048x1152.jpg 2048w, https:\/\/omberg.lt\/wp-content\/uploads\/2022\/07\/c011126-2-568x320.jpg 568w\" sizes=\"auto, (max-width: 1024px) 100vw, 1024px\" \/><\/p><br><p>Choose Skylum \u2013 a super convenient and ever-evolving space in Vilnius \u2013 for your business<\/p><br><p>Skylum is a development of residential skyscrapers with an excellent infrastructure in Vir\u0161uli\u0161k\u0117s, just 2 streets away from the city centre.<\/p><br><p>Designed with a modern and aspiring person in mind, this breathtaking project stands out with its extraordinary city vistas, rooftop terraces, areas for recreation, active leisure and socialisation. We have earmarked the entire ground floor of the skyscrapers \u2013 roughly 2,000 sq. m \u2013 exclusively for lease. The commercial areas are divided into separate spaces ranging from 60 sq. m to 130 sq. m. The areas may be combined to suit your needs.<\/p><br><p>The construction of the first and the second skyscraper is scheduled for completion in Q4 2022 and Q2 2023, respectively.<\/p><br><p>The building will accommodate more than 400 apartments, which amounts to over 400 potential customers whom you can offer significant added value that comes from living in the skyscraper. Become part of Skylum\u2019s modern and promising world.<\/p><br><\/p>\n\n\n\n<p><\/p>\n","protected":false},"excerpt":{"rendered":"<p>Choose Skylum \u2013 a super convenient and ever-evolving space in Vilnius \u2013 for your business Skylum is a development of residential skyscrapers with an excellent infrastructure in Vir\u0161uli\u0161k\u0117s, just 2 streets away from the city centre. Designed with a modern and aspiring person in mind, this breathtaking project stands out with its extraordinary city vistas, &hellip; <a href=\"https:\/\/omberg.lt\/en\/skylum-a-highly-convenient-space-in-vilnius-for-your-business\/\">Continued<\/a><\/p>\n","protected":false},"author":6,"featured_media":0,"parent":0,"menu_order":0,"comment_status":"closed","ping_status":"closed","template":"","meta":{"_acf_changed":false,"footnotes":""},"class_list":["post-1421","page","type-page","status-publish","hentry"],"acf":[],"yoast_head":"<!-- This site is optimized with the Yoast SEO plugin v27.3 - https:\/\/yoast.com\/product\/yoast-seo-wordpress\/ -->\n<title>Choose \u2018Skylum\u2019 \u2013 a highly convenient and ever-changing space in Vilnius \u2013 for your business - Omberg<\/title>\n<meta name=\"description\" content=\"Skylum - we have earmarked the entire ground floor of the skyscrapers \u2013 roughly 2,000 sq. m \u2013 exclusively for lease.\" \/>\n<meta name=\"robots\" content=\"index, follow, max-snippet:-1, max-image-preview:large, max-video-preview:-1\" \/>\n<link rel=\"canonical\" href=\"https:\/\/omberg.lt\/en\/skylum-a-highly-convenient-space-in-vilnius-for-your-business\/\" \/>\n<meta property=\"og:locale\" content=\"en_US\" \/>\n<meta property=\"og:type\" content=\"article\" \/>\n<meta property=\"og:title\" content=\"Choose \u2018Skylum\u2019 \u2013 a highly convenient and ever-changing space in Vilnius \u2013 for your business - Omberg\" \/>\n<meta property=\"og:description\" content=\"Skylum - we have earmarked the entire ground floor of the skyscrapers \u2013 roughly 2,000 sq. m \u2013 exclusively for lease.\" \/>\n<meta property=\"og:url\" content=\"https:\/\/omberg.lt\/en\/skylum-a-highly-convenient-space-in-vilnius-for-your-business\/\" \/>\n<meta property=\"og:site_name\" content=\"Omberg\" \/>\n<meta property=\"article:modified_time\" content=\"2026-03-20T10:11:28+00:00\" \/>\n<meta property=\"og:image\" content=\"https:\/\/omberg.lt\/wp-content\/uploads\/2022\/07\/c011126-2-scaled.jpg\" \/>\n\t<meta property=\"og:image:width\" content=\"2560\" \/>\n\t<meta property=\"og:image:height\" content=\"1440\" \/>\n\t<meta property=\"og:image:type\" content=\"image\/jpeg\" \/>\n<meta name=\"twitter:card\" content=\"summary_large_image\" \/>\n<meta name=\"twitter:label1\" content=\"Est. reading time\" \/>\n\t<meta name=\"twitter:data1\" content=\"2 minutes\" \/>\n<script type=\"application\/ld+json\" class=\"yoast-schema-graph\">{\"@context\":\"https:\\\/\\\/schema.org\",\"@graph\":[{\"@type\":\"WebPage\",\"@id\":\"https:\\\/\\\/omberg.lt\\\/en\\\/skylum-a-highly-convenient-space-in-vilnius-for-your-business\\\/\",\"url\":\"https:\\\/\\\/omberg.lt\\\/en\\\/skylum-a-highly-convenient-space-in-vilnius-for-your-business\\\/\",\"name\":\"Choose \u2018Skylum\u2019 \u2013 a highly convenient and ever-changing space in Vilnius \u2013 for your business - Omberg\",\"isPartOf\":{\"@id\":\"https:\\\/\\\/omberg.lt\\\/en\\\/#website\"},\"primaryImageOfPage\":{\"@id\":\"https:\\\/\\\/omberg.lt\\\/en\\\/skylum-a-highly-convenient-space-in-vilnius-for-your-business\\\/#primaryimage\"},\"image\":{\"@id\":\"https:\\\/\\\/omberg.lt\\\/en\\\/skylum-a-highly-convenient-space-in-vilnius-for-your-business\\\/#primaryimage\"},\"thumbnailUrl\":\"http:\\\/\\\/omberg.lt\\\/app\\\/uploads\\\/2022\\\/07\\\/c011126-2-1024x576.jpg\",\"datePublished\":\"2022-07-20T06:34:42+00:00\",\"dateModified\":\"2026-03-20T10:11:28+00:00\",\"description\":\"Skylum - we have earmarked the entire ground floor of the skyscrapers \u2013 roughly 2,000 sq. m \u2013 exclusively for lease.\",\"breadcrumb\":{\"@id\":\"https:\\\/\\\/omberg.lt\\\/en\\\/skylum-a-highly-convenient-space-in-vilnius-for-your-business\\\/#breadcrumb\"},\"inLanguage\":\"en-US\",\"potentialAction\":[{\"@type\":\"ReadAction\",\"target\":[\"https:\\\/\\\/omberg.lt\\\/en\\\/skylum-a-highly-convenient-space-in-vilnius-for-your-business\\\/\"]}]},{\"@type\":\"ImageObject\",\"inLanguage\":\"en-US\",\"@id\":\"https:\\\/\\\/omberg.lt\\\/en\\\/skylum-a-highly-convenient-space-in-vilnius-for-your-business\\\/#primaryimage\",\"url\":\"http:\\\/\\\/omberg.lt\\\/app\\\/uploads\\\/2022\\\/07\\\/c011126-2-1024x576.jpg\",\"contentUrl\":\"http:\\\/\\\/omberg.lt\\\/app\\\/uploads\\\/2022\\\/07\\\/c011126-2-1024x576.jpg\"},{\"@type\":\"BreadcrumbList\",\"@id\":\"https:\\\/\\\/omberg.lt\\\/en\\\/skylum-a-highly-convenient-space-in-vilnius-for-your-business\\\/#breadcrumb\",\"itemListElement\":[{\"@type\":\"ListItem\",\"position\":1,\"name\":\"Home\",\"item\":\"https:\\\/\\\/omberg.lt\\\/en\\\/omberg-group\\\/\"},{\"@type\":\"ListItem\",\"position\":2,\"name\":\"Choose \u2018Skylum\u2019 \u2013 a highly convenient and ever-changing space in Vilnius \u2013 for your business\"}]},{\"@type\":\"WebSite\",\"@id\":\"https:\\\/\\\/omberg.lt\\\/en\\\/#website\",\"url\":\"https:\\\/\\\/omberg.lt\\\/en\\\/\",\"name\":\"Omberg\",\"description\":\"Namai gyvenimui ir verslui\",\"potentialAction\":[{\"@type\":\"SearchAction\",\"target\":{\"@type\":\"EntryPoint\",\"urlTemplate\":\"https:\\\/\\\/omberg.lt\\\/en\\\/?s={search_term_string}\"},\"query-input\":{\"@type\":\"PropertyValueSpecification\",\"valueRequired\":true,\"valueName\":\"search_term_string\"}}],\"inLanguage\":\"en-US\"}]}<\/script>\n<!-- \/ Yoast SEO plugin. -->","yoast_head_json":{"title":"Choose \u2018Skylum\u2019 \u2013 a highly convenient and ever-changing space in Vilnius \u2013 for your business - Omberg","description":"Skylum - we have earmarked the entire ground floor of the skyscrapers \u2013 roughly 2,000 sq. m \u2013 exclusively for lease.","robots":{"index":"index","follow":"follow","max-snippet":"max-snippet:-1","max-image-preview":"max-image-preview:large","max-video-preview":"max-video-preview:-1"},"canonical":"https:\/\/omberg.lt\/en\/skylum-a-highly-convenient-space-in-vilnius-for-your-business\/","og_locale":"en_US","og_type":"article","og_title":"Choose \u2018Skylum\u2019 \u2013 a highly convenient and ever-changing space in Vilnius \u2013 for your business - Omberg","og_description":"Skylum - we have earmarked the entire ground floor of the skyscrapers \u2013 roughly 2,000 sq. m \u2013 exclusively for lease.","og_url":"https:\/\/omberg.lt\/en\/skylum-a-highly-convenient-space-in-vilnius-for-your-business\/","og_site_name":"Omberg","article_modified_time":"2026-03-20T10:11:28+00:00","og_image":[{"width":2560,"height":1440,"url":"https:\/\/omberg.lt\/wp-content\/uploads\/2022\/07\/c011126-2-scaled.jpg","type":"image\/jpeg"}],"twitter_card":"summary_large_image","twitter_misc":{"Est. reading time":"2 minutes"},"schema":{"@context":"https:\/\/schema.org","@graph":[{"@type":"WebPage","@id":"https:\/\/omberg.lt\/en\/skylum-a-highly-convenient-space-in-vilnius-for-your-business\/","url":"https:\/\/omberg.lt\/en\/skylum-a-highly-convenient-space-in-vilnius-for-your-business\/","name":"Choose \u2018Skylum\u2019 \u2013 a highly convenient and ever-changing space in Vilnius \u2013 for your business - Omberg","isPartOf":{"@id":"https:\/\/omberg.lt\/en\/#website"},"primaryImageOfPage":{"@id":"https:\/\/omberg.lt\/en\/skylum-a-highly-convenient-space-in-vilnius-for-your-business\/#primaryimage"},"image":{"@id":"https:\/\/omberg.lt\/en\/skylum-a-highly-convenient-space-in-vilnius-for-your-business\/#primaryimage"},"thumbnailUrl":"http:\/\/omberg.lt\/app\/uploads\/2022\/07\/c011126-2-1024x576.jpg","datePublished":"2022-07-20T06:34:42+00:00","dateModified":"2026-03-20T10:11:28+00:00","description":"Skylum - we have earmarked the entire ground floor of the skyscrapers \u2013 roughly 2,000 sq. m \u2013 exclusively for lease.","breadcrumb":{"@id":"https:\/\/omberg.lt\/en\/skylum-a-highly-convenient-space-in-vilnius-for-your-business\/#breadcrumb"},"inLanguage":"en-US","potentialAction":[{"@type":"ReadAction","target":["https:\/\/omberg.lt\/en\/skylum-a-highly-convenient-space-in-vilnius-for-your-business\/"]}]},{"@type":"ImageObject","inLanguage":"en-US","@id":"https:\/\/omberg.lt\/en\/skylum-a-highly-convenient-space-in-vilnius-for-your-business\/#primaryimage","url":"http:\/\/omberg.lt\/app\/uploads\/2022\/07\/c011126-2-1024x576.jpg","contentUrl":"http:\/\/omberg.lt\/app\/uploads\/2022\/07\/c011126-2-1024x576.jpg"},{"@type":"BreadcrumbList","@id":"https:\/\/omberg.lt\/en\/skylum-a-highly-convenient-space-in-vilnius-for-your-business\/#breadcrumb","itemListElement":[{"@type":"ListItem","position":1,"name":"Home","item":"https:\/\/omberg.lt\/en\/omberg-group\/"},{"@type":"ListItem","position":2,"name":"Choose \u2018Skylum\u2019 \u2013 a highly convenient and ever-changing space in Vilnius \u2013 for your business"}]},{"@type":"WebSite","@id":"https:\/\/omberg.lt\/en\/#website","url":"https:\/\/omberg.lt\/en\/","name":"Omberg","description":"Namai gyvenimui ir verslui","potentialAction":[{"@type":"SearchAction","target":{"@type":"EntryPoint","urlTemplate":"https:\/\/omberg.lt\/en\/?s={search_term_string}"},"query-input":{"@type":"PropertyValueSpecification","valueRequired":true,"valueName":"search_term_string"}}],"inLanguage":"en-US"}]}},"_links":{"self":[{"href":"https:\/\/omberg.lt\/en\/wp-json\/wp\/v2\/pages\/1421","targetHints":{"allow":["GET"]}}],"collection":[{"href":"https:\/\/omberg.lt\/en\/wp-json\/wp\/v2\/pages"}],"about":[{"href":"https:\/\/omberg.lt\/en\/wp-json\/wp\/v2\/types\/page"}],"author":[{"embeddable":true,"href":"https:\/\/omberg.lt\/en\/wp-json\/wp\/v2\/users\/6"}],"replies":[{"embeddable":true,"href":"https:\/\/omberg.lt\/en\/wp-json\/wp\/v2\/comments?post=1421"}],"version-history":[{"count":5,"href":"https:\/\/omberg.lt\/en\/wp-json\/wp\/v2\/pages\/1421\/revisions"}],"predecessor-version":[{"id":2981,"href":"https:\/\/omberg.lt\/en\/wp-json\/wp\/v2\/pages\/1421\/revisions\/2981"}],"wp:attachment":[{"href":"https:\/\/omberg.lt\/en\/wp-json\/wp\/v2\/media?parent=1421"}],"curies":[{"name":"wp","href":"https:\/\/api.w.org\/{rel}","templated":true}]}}