{"id":1422,"date":"2022-07-20T05:42:09","date_gmt":"2022-07-20T05:42:09","guid":{"rendered":"http:\/\/omberg.lt\/giluzio-slenis-tai-privati-butu-ir-kotedzu-gyvenviete-salia-geluzes-ezero\/"},"modified":"2026-03-19T14:57:00","modified_gmt":"2026-03-19T14:57:00","slug":"giluzio-slenis","status":"publish","type":"page","link":"https:\/\/omberg.lt\/en\/giluzio-slenis\/","title":{"rendered":"\u201eGilu\u017eio sl\u0117nis\u201c \u2013 is a private apartment and Semi-detached houses community near Lake G\u0117lu\u017e\u0117"},"content":{"rendered":"<p>Located in Pilait\u0117, near Lake G\u0117lu\u017e\u0117, the \u201cGilu\u017eio sl\u0117nis\u201d community of private apartments and semi-detached homes is nestled among fragrant pine trees.<\/p>\n<p>Families longing for peace and nature have settled in energy efficiency class A, modern architecture, cozy 93\u2013108 sq. m. area cottages and 1\u20133 room apartments with spacious balconies and terraces.<\/p>\n<h2><strong>Advantages of the neighborhood<\/strong><\/h2>\n<p>To create a cozy and lush environment in the\u00a0<strong>\u201e<\/strong>Gilu\u017eio sl\u0117nis\u201d community, we have invested 1 million euros into landscaping. Surrounding the homes, over 1,200 plants provide vibrant greenery and ensure fresh air. This is a private, low-rise apartment and cottage community with fully fenced and secure grounds.<\/p>\n<p>When designing the \u201cGilu\u017eio Sl\u0117nis\u201d residential complex, we made sure that the city\u2019s entertainment remains within easy reach. The well-connected Pilait\u0117 district \u2014 with its convenient transportation and nearby shopping and entertainment centers \u2014 allows you to enjoy an active urban lifestyle.<\/p>\n<p>The sandy beach at the nearby spa center will be a delight not only in the summer but also during colorful autumn evenings. While the children enjoy the playgrounds, trampolines, and skating rinks, adults can relax in the lounge areas or in zones designed for active leisure.<\/p>\n<h3>Semi-detached houses<\/h3>\n<p>Fifty-eight families have settled into modern townhomes from 97 to 113 sq. m., where 3-meter ceilings create a sense of spaciousness. The landscape dictates the architecture: the exteriors of the cottages feature modern wooden decorative elements, clinker brick, and calm pastel colors. The facades of the cottages are made of larch, which conveys a sense of modernity and luxury.<\/p>\n<p>We have ensured a life of comfort at home. An Energy Efficiency Class A rating guarantees airtightness, while an autonomous gas heating system ensures economical heating. Residents of every townhome will enjoy their own spacious private yard, separated by lush greenery.<\/p>\n<h3>Apartments<\/h3>\n<p>In the cozy \u201eGilu\u017eio sl\u0117nis\u201d apartment buildings, featuring geothermal underfloor heating, new residents have settled into 1 to 3-bedroom apartments from 25 to 53 sq. m. Residents enjoy lake views from their spacious balconies, while those on the first floor have their own private terraces.<\/p>\n<p>These modern homes feature cozy exteriors. Wooden accents and pastel colors dominate the design. These Energy Class A homes will ensure the marketability of the units and provide excellent living conditions for many years to come.<\/p>\n\n\n<figure class=\"wp-block-image size-large\"><img loading=\"lazy\" decoding=\"async\" width=\"1024\" height=\"576\" src=\"http:\/\/omberg.lt\/app\/uploads\/2022\/07\/giluzio-slenis3-1024x576.jpg\" alt=\"\" class=\"wp-image-1340\" srcset=\"https:\/\/omberg.lt\/wp-content\/uploads\/2022\/07\/giluzio-slenis3-1024x576.jpg 1024w, https:\/\/omberg.lt\/wp-content\/uploads\/2022\/07\/giluzio-slenis3-300x169.jpg 300w, https:\/\/omberg.lt\/wp-content\/uploads\/2022\/07\/giluzio-slenis3-768x432.jpg 768w, https:\/\/omberg.lt\/wp-content\/uploads\/2022\/07\/giluzio-slenis3-1536x864.jpg 1536w, https:\/\/omberg.lt\/wp-content\/uploads\/2022\/07\/giluzio-slenis3-2048x1152.jpg 2048w, https:\/\/omberg.lt\/wp-content\/uploads\/2022\/07\/giluzio-slenis3-568x320.jpg 568w\" sizes=\"auto, (max-width: 1024px) 100vw, 1024px\" \/><\/figure>\n\n\n\n<figure class=\"wp-block-image size-large\"><img loading=\"lazy\" decoding=\"async\" width=\"1024\" height=\"576\" src=\"http:\/\/omberg.lt\/app\/uploads\/2022\/07\/giluzio-slenis2-1-1024x576.jpg\" alt=\"\" class=\"wp-image-1342\" srcset=\"https:\/\/omberg.lt\/wp-content\/uploads\/2022\/07\/giluzio-slenis2-1-1024x576.jpg 1024w, https:\/\/omberg.lt\/wp-content\/uploads\/2022\/07\/giluzio-slenis2-1-300x169.jpg 300w, https:\/\/omberg.lt\/wp-content\/uploads\/2022\/07\/giluzio-slenis2-1-768x432.jpg 768w, https:\/\/omberg.lt\/wp-content\/uploads\/2022\/07\/giluzio-slenis2-1-1536x864.jpg 1536w, https:\/\/omberg.lt\/wp-content\/uploads\/2022\/07\/giluzio-slenis2-1-2048x1152.jpg 2048w, https:\/\/omberg.lt\/wp-content\/uploads\/2022\/07\/giluzio-slenis2-1-568x319.jpg 568w\" sizes=\"auto, (max-width: 1024px) 100vw, 1024px\" \/><\/figure>\n","protected":false},"excerpt":{"rendered":"<p>Located in Pilait\u0117, near Lake G\u0117lu\u017e\u0117, the \u201cGilu\u017eio sl\u0117nis\u201d community of private apartments and semi-detached homes is nestled among fragrant pine trees. Families longing for peace and nature have settled in energy efficiency class A, modern architecture, cozy 93\u2013108 sq. m. area cottages and 1\u20133 room apartments with spacious balconies and terraces. Advantages of the &hellip; <a href=\"https:\/\/omberg.lt\/en\/giluzio-slenis\/\">Continued<\/a><\/p>\n","protected":false},"author":6,"featured_media":0,"parent":0,"menu_order":0,"comment_status":"closed","ping_status":"closed","template":"","meta":{"_acf_changed":false,"footnotes":""},"class_list":["post-1422","page","type-page","status-publish","hentry"],"acf":[],"yoast_head":"<!-- This site is optimized with the Yoast SEO plugin v27.3 - https:\/\/yoast.com\/product\/yoast-seo-wordpress\/ -->\n<title>\u201eGilu\u017eio sl\u0117nis\u201c \u2013 is a private apartment and Semi-detached houses community near Lake G\u0117lu\u017e\u0117 - Omberg<\/title>\n<meta name=\"description\" content=\"\u201eGilu\u017eio sl\u0117nis\u201c \u2013 is a private apartment and semi-detached houses community near Lake G\u0117lu\u017e\u0117.\" \/>\n<meta name=\"robots\" content=\"index, follow, max-snippet:-1, max-image-preview:large, max-video-preview:-1\" \/>\n<link rel=\"canonical\" href=\"https:\/\/omberg.lt\/en\/giluzio-slenis\/\" \/>\n<meta property=\"og:locale\" content=\"en_US\" \/>\n<meta property=\"og:type\" content=\"article\" \/>\n<meta property=\"og:title\" content=\"\u201eGilu\u017eio sl\u0117nis\u201c \u2013 is a private apartment and Semi-detached houses community near Lake G\u0117lu\u017e\u0117 - Omberg\" \/>\n<meta property=\"og:description\" content=\"\u201eGilu\u017eio sl\u0117nis\u201c \u2013 is a private apartment and semi-detached houses community near Lake G\u0117lu\u017e\u0117.\" \/>\n<meta property=\"og:url\" content=\"https:\/\/omberg.lt\/en\/giluzio-slenis\/\" \/>\n<meta property=\"og:site_name\" content=\"Omberg\" \/>\n<meta property=\"article:modified_time\" content=\"2026-03-19T14:57:00+00:00\" \/>\n<meta property=\"og:image\" content=\"https:\/\/omberg.lt\/wp-content\/uploads\/2022\/07\/giluzio-slenis3-scaled.jpg\" \/>\n\t<meta property=\"og:image:width\" content=\"2560\" \/>\n\t<meta property=\"og:image:height\" content=\"1440\" \/>\n\t<meta property=\"og:image:type\" content=\"image\/jpeg\" \/>\n<meta name=\"twitter:card\" content=\"summary_large_image\" \/>\n<meta name=\"twitter:label1\" content=\"Est. reading time\" \/>\n\t<meta name=\"twitter:data1\" content=\"3 minutes\" \/>\n<script type=\"application\/ld+json\" class=\"yoast-schema-graph\">{\"@context\":\"https:\\\/\\\/schema.org\",\"@graph\":[{\"@type\":\"WebPage\",\"@id\":\"https:\\\/\\\/omberg.lt\\\/en\\\/giluzio-slenis\\\/\",\"url\":\"https:\\\/\\\/omberg.lt\\\/en\\\/giluzio-slenis\\\/\",\"name\":\"\u201eGilu\u017eio sl\u0117nis\u201c \u2013 is a private apartment and Semi-detached houses community near Lake G\u0117lu\u017e\u0117 - Omberg\",\"isPartOf\":{\"@id\":\"https:\\\/\\\/omberg.lt\\\/en\\\/#website\"},\"primaryImageOfPage\":{\"@id\":\"https:\\\/\\\/omberg.lt\\\/en\\\/giluzio-slenis\\\/#primaryimage\"},\"image\":{\"@id\":\"https:\\\/\\\/omberg.lt\\\/en\\\/giluzio-slenis\\\/#primaryimage\"},\"thumbnailUrl\":\"http:\\\/\\\/omberg.lt\\\/app\\\/uploads\\\/2022\\\/07\\\/giluzio-slenis3-1024x576.jpg\",\"datePublished\":\"2022-07-20T05:42:09+00:00\",\"dateModified\":\"2026-03-19T14:57:00+00:00\",\"description\":\"\u201eGilu\u017eio sl\u0117nis\u201c \u2013 is a private apartment and semi-detached houses community near Lake G\u0117lu\u017e\u0117.\",\"breadcrumb\":{\"@id\":\"https:\\\/\\\/omberg.lt\\\/en\\\/giluzio-slenis\\\/#breadcrumb\"},\"inLanguage\":\"en-US\",\"potentialAction\":[{\"@type\":\"ReadAction\",\"target\":[\"https:\\\/\\\/omberg.lt\\\/en\\\/giluzio-slenis\\\/\"]}]},{\"@type\":\"ImageObject\",\"inLanguage\":\"en-US\",\"@id\":\"https:\\\/\\\/omberg.lt\\\/en\\\/giluzio-slenis\\\/#primaryimage\",\"url\":\"http:\\\/\\\/omberg.lt\\\/app\\\/uploads\\\/2022\\\/07\\\/giluzio-slenis3-1024x576.jpg\",\"contentUrl\":\"http:\\\/\\\/omberg.lt\\\/app\\\/uploads\\\/2022\\\/07\\\/giluzio-slenis3-1024x576.jpg\"},{\"@type\":\"BreadcrumbList\",\"@id\":\"https:\\\/\\\/omberg.lt\\\/en\\\/giluzio-slenis\\\/#breadcrumb\",\"itemListElement\":[{\"@type\":\"ListItem\",\"position\":1,\"name\":\"Home\",\"item\":\"https:\\\/\\\/omberg.lt\\\/en\\\/omberg-group\\\/\"},{\"@type\":\"ListItem\",\"position\":2,\"name\":\"\u201eGilu\u017eio sl\u0117nis\u201c \u2013 is a private apartment and Semi-detached houses community near Lake G\u0117lu\u017e\u0117\"}]},{\"@type\":\"WebSite\",\"@id\":\"https:\\\/\\\/omberg.lt\\\/en\\\/#website\",\"url\":\"https:\\\/\\\/omberg.lt\\\/en\\\/\",\"name\":\"Omberg\",\"description\":\"Namai gyvenimui ir verslui\",\"potentialAction\":[{\"@type\":\"SearchAction\",\"target\":{\"@type\":\"EntryPoint\",\"urlTemplate\":\"https:\\\/\\\/omberg.lt\\\/en\\\/?s={search_term_string}\"},\"query-input\":{\"@type\":\"PropertyValueSpecification\",\"valueRequired\":true,\"valueName\":\"search_term_string\"}}],\"inLanguage\":\"en-US\"}]}<\/script>\n<!-- \/ Yoast SEO plugin. -->","yoast_head_json":{"title":"\u201eGilu\u017eio sl\u0117nis\u201c \u2013 is a private apartment and Semi-detached houses community near Lake G\u0117lu\u017e\u0117 - Omberg","description":"\u201eGilu\u017eio sl\u0117nis\u201c \u2013 is a private apartment and semi-detached houses community near Lake G\u0117lu\u017e\u0117.","robots":{"index":"index","follow":"follow","max-snippet":"max-snippet:-1","max-image-preview":"max-image-preview:large","max-video-preview":"max-video-preview:-1"},"canonical":"https:\/\/omberg.lt\/en\/giluzio-slenis\/","og_locale":"en_US","og_type":"article","og_title":"\u201eGilu\u017eio sl\u0117nis\u201c \u2013 is a private apartment and Semi-detached houses community near Lake G\u0117lu\u017e\u0117 - Omberg","og_description":"\u201eGilu\u017eio sl\u0117nis\u201c \u2013 is a private apartment and semi-detached houses community near Lake G\u0117lu\u017e\u0117.","og_url":"https:\/\/omberg.lt\/en\/giluzio-slenis\/","og_site_name":"Omberg","article_modified_time":"2026-03-19T14:57:00+00:00","og_image":[{"width":2560,"height":1440,"url":"https:\/\/omberg.lt\/wp-content\/uploads\/2022\/07\/giluzio-slenis3-scaled.jpg","type":"image\/jpeg"}],"twitter_card":"summary_large_image","twitter_misc":{"Est. reading time":"3 minutes"},"schema":{"@context":"https:\/\/schema.org","@graph":[{"@type":"WebPage","@id":"https:\/\/omberg.lt\/en\/giluzio-slenis\/","url":"https:\/\/omberg.lt\/en\/giluzio-slenis\/","name":"\u201eGilu\u017eio sl\u0117nis\u201c \u2013 is a private apartment and Semi-detached houses community near Lake G\u0117lu\u017e\u0117 - Omberg","isPartOf":{"@id":"https:\/\/omberg.lt\/en\/#website"},"primaryImageOfPage":{"@id":"https:\/\/omberg.lt\/en\/giluzio-slenis\/#primaryimage"},"image":{"@id":"https:\/\/omberg.lt\/en\/giluzio-slenis\/#primaryimage"},"thumbnailUrl":"http:\/\/omberg.lt\/app\/uploads\/2022\/07\/giluzio-slenis3-1024x576.jpg","datePublished":"2022-07-20T05:42:09+00:00","dateModified":"2026-03-19T14:57:00+00:00","description":"\u201eGilu\u017eio sl\u0117nis\u201c \u2013 is a private apartment and semi-detached houses community near Lake G\u0117lu\u017e\u0117.","breadcrumb":{"@id":"https:\/\/omberg.lt\/en\/giluzio-slenis\/#breadcrumb"},"inLanguage":"en-US","potentialAction":[{"@type":"ReadAction","target":["https:\/\/omberg.lt\/en\/giluzio-slenis\/"]}]},{"@type":"ImageObject","inLanguage":"en-US","@id":"https:\/\/omberg.lt\/en\/giluzio-slenis\/#primaryimage","url":"http:\/\/omberg.lt\/app\/uploads\/2022\/07\/giluzio-slenis3-1024x576.jpg","contentUrl":"http:\/\/omberg.lt\/app\/uploads\/2022\/07\/giluzio-slenis3-1024x576.jpg"},{"@type":"BreadcrumbList","@id":"https:\/\/omberg.lt\/en\/giluzio-slenis\/#breadcrumb","itemListElement":[{"@type":"ListItem","position":1,"name":"Home","item":"https:\/\/omberg.lt\/en\/omberg-group\/"},{"@type":"ListItem","position":2,"name":"\u201eGilu\u017eio sl\u0117nis\u201c \u2013 is a private apartment and Semi-detached houses community near Lake G\u0117lu\u017e\u0117"}]},{"@type":"WebSite","@id":"https:\/\/omberg.lt\/en\/#website","url":"https:\/\/omberg.lt\/en\/","name":"Omberg","description":"Namai gyvenimui ir verslui","potentialAction":[{"@type":"SearchAction","target":{"@type":"EntryPoint","urlTemplate":"https:\/\/omberg.lt\/en\/?s={search_term_string}"},"query-input":{"@type":"PropertyValueSpecification","valueRequired":true,"valueName":"search_term_string"}}],"inLanguage":"en-US"}]}},"_links":{"self":[{"href":"https:\/\/omberg.lt\/en\/wp-json\/wp\/v2\/pages\/1422","targetHints":{"allow":["GET"]}}],"collection":[{"href":"https:\/\/omberg.lt\/en\/wp-json\/wp\/v2\/pages"}],"about":[{"href":"https:\/\/omberg.lt\/en\/wp-json\/wp\/v2\/types\/page"}],"author":[{"embeddable":true,"href":"https:\/\/omberg.lt\/en\/wp-json\/wp\/v2\/users\/6"}],"replies":[{"embeddable":true,"href":"https:\/\/omberg.lt\/en\/wp-json\/wp\/v2\/comments?post=1422"}],"version-history":[{"count":6,"href":"https:\/\/omberg.lt\/en\/wp-json\/wp\/v2\/pages\/1422\/revisions"}],"predecessor-version":[{"id":3897,"href":"https:\/\/omberg.lt\/en\/wp-json\/wp\/v2\/pages\/1422\/revisions\/3897"}],"wp:attachment":[{"href":"https:\/\/omberg.lt\/en\/wp-json\/wp\/v2\/media?parent=1422"}],"curies":[{"name":"wp","href":"https:\/\/api.w.org\/{rel}","templated":true}]}}