{"id":3853,"date":"2025-11-18T08:03:06","date_gmt":"2025-11-18T08:03:06","guid":{"rendered":"https:\/\/omberg.lt\/kaledines-nuolaidos-geriausiems-butams\/"},"modified":"2026-03-09T11:22:58","modified_gmt":"2026-03-09T11:22:58","slug":"kaledines-nuolaidos-geriausiems-butams","status":"publish","type":"page","link":"https:\/\/omberg.lt\/en\/kaledines-nuolaidos-geriausiems-butams\/","title":{"rendered":"Kal\u0117din\u0117s nuolaidos geriausiems butams!!!"},"content":{"rendered":"\n<h4 class=\"wp-block-heading has-text-align-left\">Vienoje vietoje \u2013 geriausi pasi\u016blymai m\u016bs\u0173 projektuose: nuo kompakti\u0161k\u0173 2 k. iki erdvi\u0173 4 k. but\u0173.  <\/h4>\n\n<div style=\"height:45px\" aria-hidden=\"true\" class=\"wp-block-spacer\"><\/div>\n\n<div class=\"wp-block-group is-nowrap is-layout-flex wp-container-core-group-is-layout-ad2f72ca wp-block-group-is-layout-flex\">\n<div class=\"wp-block-media-text is-stacked-on-mobile\" style=\"grid-template-columns:28% auto\"><figure class=\"wp-block-media-text__media\"><img loading=\"lazy\" decoding=\"async\" width=\"1024\" height=\"461\" src=\"https:\/\/omberg.lt\/wp-content\/uploads\/2025\/11\/skylumlogogradientas-01-3-1024x461.png\" alt=\"\" class=\"wp-image-3460 size-full\" srcset=\"https:\/\/omberg.lt\/wp-content\/uploads\/2025\/11\/skylumlogogradientas-01-3-1024x461.png 1024w, https:\/\/omberg.lt\/wp-content\/uploads\/2025\/11\/skylumlogogradientas-01-3-300x135.png 300w, https:\/\/omberg.lt\/wp-content\/uploads\/2025\/11\/skylumlogogradientas-01-3-768x346.png 768w, https:\/\/omberg.lt\/wp-content\/uploads\/2025\/11\/skylumlogogradientas-01-3-1536x692.png 1536w, https:\/\/omberg.lt\/wp-content\/uploads\/2025\/11\/skylumlogogradientas-01-3-2048x923.png 2048w, https:\/\/omberg.lt\/wp-content\/uploads\/2025\/11\/skylumlogogradientas-01-3-568x256.png 568w\" sizes=\"auto, (max-width: 1024px) 100vw, 1024px\" \/><\/figure><div class=\"wp-block-media-text__content\">\n<h4 class=\"wp-block-heading\">Presti\u017einiai butai <strong>SKYLUM<\/strong> projekte!*<\/h4>\n<\/div><\/div>\n<\/div>\n\n<div style=\"height:22px\" aria-hidden=\"true\" class=\"wp-block-spacer\"><\/div>\n\n<p>Atraskite savo auk\u0161t\u0105j\u0105 gyvenimo patirt\u012f Vilniaus \u0161irdyje \u2013 projektas <strong>\u201eSkylum\u201d<\/strong> Vir\u0161uli\u0161k\u0117se sukurtas tiems, kurie nori gyventi <em>auk\u0161\u010diau kasdienyb\u0117s<\/em>. I\u0161skirtin\u0117s architekt\u016bros daugiabutis su stogo terasomis, moderniais sprendimais ir visa miesto patogum\u0173 infrastrukt\u016bra vos u\u017e dviej\u0173 gatvi\u0173 nuo centro. <\/p>\n\n<p>Rinkit\u0117s 3 kamb. but\u0105 su pilna arba daline apdaila vir\u0161utiniuose auk\u0161tuose \u2013 taip kuriama erdv\u0117, kur atgausite energij\u0105, kv\u0117puosite laisve ir m\u0117gausit\u0117s panoraminiais vaizdais. <\/p>\n\n<div style=\"height:22px\" aria-hidden=\"true\" class=\"wp-block-spacer\"><\/div>\n\n<p>Butas 19 auk\u0161te:<\/p>\n\n<p><strong>3 kamb. 67 kv.m. \u2013 237 350 EUR <s>247 350 EUR<\/s>  <\/strong><\/p>\n\n<p>Butai 20 auk\u0161te:<\/p>\n\n<p><strong><strong>3 kamb. 67 kv.m. <\/strong> \u2013 237 600 EUR <del>247 600 EUR<\/del><\/strong><br\/><strong><strong><strong><strong>3 kamb. 68 kv.m. <\/strong><\/strong> <\/strong> \u2013 244 400 EUR <del>254 400 EUR<\/del><\/strong><br\/><strong><strong><strong>3 kamb. 68 kv.m. <\/strong><\/strong> \u012frengtas \u2013 292 000 EUR <del>302 000 EUR<\/del><\/strong><\/p>\n\n<div class=\"wp-block-buttons is-layout-flex wp-block-buttons-is-layout-flex\">\n<div class=\"wp-block-button is-style-fill\"><a class=\"wp-block-button__link wp-element-button\" href=\"https:\/\/skylum.lt\/\" style=\"padding-top:var(--wp--preset--spacing--40);padding-bottom:var(--wp--preset--spacing--40)\"><strong><em>Susisiekite \u0161iandien ir suplanuokite ap\u017ei\u016br\u0105!<\/em><\/strong><\/a><\/div>\n<\/div>\n\n<div style=\"height:54px\" aria-hidden=\"true\" class=\"wp-block-spacer\"><\/div>\n\n<figure class=\"wp-block-gallery has-nested-images columns-default is-cropped wp-block-gallery-1 is-layout-flex wp-block-gallery-is-layout-flex\">\n<figure class=\"wp-block-image size-large\"><img loading=\"lazy\" decoding=\"async\" width=\"1024\" height=\"683\" data-id=\"3492\" src=\"https:\/\/omberg.lt\/wp-content\/uploads\/2025\/11\/irengimo-pavyzdys-3-1024x683.png\" alt=\"\" class=\"wp-image-3492\" srcset=\"https:\/\/omberg.lt\/wp-content\/uploads\/2025\/11\/irengimo-pavyzdys-3-1024x683.png 1024w, https:\/\/omberg.lt\/wp-content\/uploads\/2025\/11\/irengimo-pavyzdys-3-300x200.png 300w, https:\/\/omberg.lt\/wp-content\/uploads\/2025\/11\/irengimo-pavyzdys-3-768x512.png 768w, https:\/\/omberg.lt\/wp-content\/uploads\/2025\/11\/irengimo-pavyzdys-3-568x379.png 568w, https:\/\/omberg.lt\/wp-content\/uploads\/2025\/11\/irengimo-pavyzdys-3.png 1536w\" sizes=\"auto, (max-width: 1024px) 100vw, 1024px\" \/><\/figure>\n\n\n\n<figure class=\"wp-block-image size-large\"><img loading=\"lazy\" decoding=\"async\" width=\"1024\" height=\"682\" data-id=\"3270\" src=\"https:\/\/omberg.lt\/wp-content\/uploads\/2025\/09\/omberg-group-projektas-virsuliskese-skylum-1-1024x682.jpg\" alt=\"\" class=\"wp-image-3270\" srcset=\"https:\/\/omberg.lt\/wp-content\/uploads\/2025\/09\/omberg-group-projektas-virsuliskese-skylum-1-1024x682.jpg 1024w, https:\/\/omberg.lt\/wp-content\/uploads\/2025\/09\/omberg-group-projektas-virsuliskese-skylum-1-300x200.jpg 300w, https:\/\/omberg.lt\/wp-content\/uploads\/2025\/09\/omberg-group-projektas-virsuliskese-skylum-1-768x512.jpg 768w, https:\/\/omberg.lt\/wp-content\/uploads\/2025\/09\/omberg-group-projektas-virsuliskese-skylum-1-1536x1023.jpg 1536w, https:\/\/omberg.lt\/wp-content\/uploads\/2025\/09\/omberg-group-projektas-virsuliskese-skylum-1-2048x1364.jpg 2048w, https:\/\/omberg.lt\/wp-content\/uploads\/2025\/09\/omberg-group-projektas-virsuliskese-skylum-1-568x378.jpg 568w\" sizes=\"auto, (max-width: 1024px) 100vw, 1024px\" \/><\/figure>\n<\/figure>\n\n<div style=\"height:54px\" aria-hidden=\"true\" class=\"wp-block-spacer\"><\/div>\n\n<div class=\"wp-block-media-text is-stacked-on-mobile\" style=\"grid-template-columns:26% auto\"><figure class=\"wp-block-media-text__media\"><img loading=\"lazy\" decoding=\"async\" width=\"1024\" height=\"576\" src=\"https:\/\/omberg.lt\/wp-content\/uploads\/2025\/11\/elzelogovioletinis-edited-1024x576.png\" alt=\"\" class=\"wp-image-3448 size-full\" srcset=\"https:\/\/omberg.lt\/wp-content\/uploads\/2025\/11\/elzelogovioletinis-edited-1024x576.png 1024w, https:\/\/omberg.lt\/wp-content\/uploads\/2025\/11\/elzelogovioletinis-edited-300x169.png 300w, https:\/\/omberg.lt\/wp-content\/uploads\/2025\/11\/elzelogovioletinis-edited-768x432.png 768w, https:\/\/omberg.lt\/wp-content\/uploads\/2025\/11\/elzelogovioletinis-edited-568x320.png 568w, https:\/\/omberg.lt\/wp-content\/uploads\/2025\/11\/elzelogovioletinis-edited.png 1080w\" sizes=\"auto, (max-width: 1024px) 100vw, 1024px\" \/><\/figure><div class=\"wp-block-media-text__content\">\n<h4 class=\"wp-block-heading has-text-align-left\">ELZ\u0116 &#8211; naujas, i\u0161skirtinis projektas Vilniuje!<\/h4>\n<\/div><\/div>\n\n<p><\/p>\n\n<p>Elz\u0117s projekte \u2013 paskutin\u0117 proga \u012fsigyti but\u0105 su nuolaida iki 10 000 EUR!<\/p>\n\n<p>\u010cia \u2013 ne tik draugi\u0161ka bendruomen\u0117 ir laisv\u0117 planuoti savo erdv\u0119, bet ir ypatinga vieta: Pupoj\u0173 e\u017eeras, Kair\u0117n\u0173 botanikos sodas, Pavilnio regioninis parkas. Ir visa tai \u2013 u\u017e konkurencing\u0105 kain\u0105: A++ standartas, miesto patogumai ir gamtos artumas \u010dia jungiasi \u012f vien\u0105. Ir visa tai \u2013 u\u017e konkurencing\u0105 kain\u0105! Rinkit\u0117s \u201eElz\u0119\u201c jau dabar \u2013 but\u0173 skai\u010dius ribotas, o pasirinkimas greitai ma\u017e\u0117ja.   <\/p>\n\n<p>Jaukus, patogus ir \u0161iuolaiki\u0161kas kvartalas \u2013 puikus pasirinkimas \u0161eimai ar tiems, kurie ie\u0161ko ramyb\u0117s arti centro.<\/p>\n\n<p>Pasinaudokite i\u0161skirtiniu pasi\u016blymu ir raskite viet\u0105, kur gera gr\u012f\u017eti kasdien.<\/p>\n\n<p><strong>2 kamb. 49 kv.m. \u2013 114 900 EUR <s>120 000 EUR<\/s><br\/>3 kamb. 73 kv.m. \u2013 166 900 EUR <s>174 900 EUR<\/s> galimyb\u0117 suplanuoti 4 kambarius<br\/>2 kamb. 53 kv.m. \u2013 129 500 EUR <s>136 200 EUR<\/s><br\/>2 kamb. 51 kv.m. \u2013 121 900 EUR <s>136 200 EUR<\/s>        <\/strong><\/p>\n\n<div class=\"wp-block-buttons is-layout-flex wp-block-buttons-is-layout-flex\">\n<div class=\"wp-block-button\"><a class=\"wp-block-button__link wp-element-button\" href=\"https:\/\/elzeantakalnis.lt\/rinktis-buta\/\">Dar daugiau pasi\u016blym\u0173 galite rasti <strong><em>\u010cIA!<\/em><\/strong><\/a><\/div>\n<\/div>\n\n<div style=\"height:56px\" aria-hidden=\"true\" class=\"wp-block-spacer\"><\/div>\n\n<figure class=\"wp-block-gallery has-nested-images columns-default is-cropped wp-block-gallery-2 is-layout-flex wp-block-gallery-is-layout-flex\">\n<figure class=\"wp-block-image size-large\"><img loading=\"lazy\" decoding=\"async\" width=\"1024\" height=\"640\" data-id=\"3511\" src=\"https:\/\/omberg.lt\/wp-content\/uploads\/2025\/11\/duburio10kamera4final-1024x640.jpg\" alt=\"\" class=\"wp-image-3511\" srcset=\"https:\/\/omberg.lt\/wp-content\/uploads\/2025\/11\/duburio10kamera4final-1024x640.jpg 1024w, https:\/\/omberg.lt\/wp-content\/uploads\/2025\/11\/duburio10kamera4final-300x188.jpg 300w, https:\/\/omberg.lt\/wp-content\/uploads\/2025\/11\/duburio10kamera4final-768x480.jpg 768w, https:\/\/omberg.lt\/wp-content\/uploads\/2025\/11\/duburio10kamera4final-1536x960.jpg 1536w, https:\/\/omberg.lt\/wp-content\/uploads\/2025\/11\/duburio10kamera4final-2048x1280.jpg 2048w, https:\/\/omberg.lt\/wp-content\/uploads\/2025\/11\/duburio10kamera4final-568x355.jpg 568w\" sizes=\"auto, (max-width: 1024px) 100vw, 1024px\" \/><\/figure>\n\n\n\n<figure class=\"wp-block-image size-large\"><img loading=\"lazy\" decoding=\"async\" width=\"1024\" height=\"640\" data-id=\"3513\" src=\"https:\/\/omberg.lt\/wp-content\/uploads\/2025\/11\/duburio10kamera1final-1024x640.jpg\" alt=\"\" class=\"wp-image-3513\" srcset=\"https:\/\/omberg.lt\/wp-content\/uploads\/2025\/11\/duburio10kamera1final-1024x640.jpg 1024w, https:\/\/omberg.lt\/wp-content\/uploads\/2025\/11\/duburio10kamera1final-300x188.jpg 300w, https:\/\/omberg.lt\/wp-content\/uploads\/2025\/11\/duburio10kamera1final-768x480.jpg 768w, https:\/\/omberg.lt\/wp-content\/uploads\/2025\/11\/duburio10kamera1final-1536x960.jpg 1536w, https:\/\/omberg.lt\/wp-content\/uploads\/2025\/11\/duburio10kamera1final-2048x1280.jpg 2048w, https:\/\/omberg.lt\/wp-content\/uploads\/2025\/11\/duburio10kamera1final-568x355.jpg 568w\" sizes=\"auto, (max-width: 1024px) 100vw, 1024px\" \/><\/figure>\n<\/figure>\n\n<div style=\"height:52px\" aria-hidden=\"true\" class=\"wp-block-spacer\"><\/div>\n\n<div class=\"wp-block-media-text is-stacked-on-mobile is-vertically-aligned-center\" style=\"grid-template-columns:27% auto\"><figure class=\"wp-block-media-text__media\"><img loading=\"lazy\" decoding=\"async\" width=\"1024\" height=\"413\" src=\"https:\/\/omberg.lt\/wp-content\/uploads\/2025\/11\/kartoslogorgbdark-2-2-1024x413.png\" alt=\"\" class=\"wp-image-3466 size-full\" srcset=\"https:\/\/omberg.lt\/wp-content\/uploads\/2025\/11\/kartoslogorgbdark-2-2-1024x413.png 1024w, https:\/\/omberg.lt\/wp-content\/uploads\/2025\/11\/kartoslogorgbdark-2-2-300x121.png 300w, https:\/\/omberg.lt\/wp-content\/uploads\/2025\/11\/kartoslogorgbdark-2-2-768x309.png 768w, https:\/\/omberg.lt\/wp-content\/uploads\/2025\/11\/kartoslogorgbdark-2-2-568x229.png 568w, https:\/\/omberg.lt\/wp-content\/uploads\/2025\/11\/kartoslogorgbdark-2-2.png 1447w\" sizes=\"auto, (max-width: 1024px) 100vw, 1024px\" \/><\/figure><div class=\"wp-block-media-text__content\">\n<h4 class=\"wp-block-heading has-text-align-left\">Vienas populiariausi\u0173 projekt\u0173 Vilniaus mieste!<\/h4>\n<\/div><\/div>\n\n<div style=\"height:39px\" aria-hidden=\"true\" class=\"wp-block-spacer\"><\/div>\n\n<p>\u010cia viskas \u2013 miesto ritmas + \u017ealuma + j\u016bs\u0173 erdv\u0117.<\/p>\n\n<p>Butuose \u012frengtas grindinis \u0161ildymas, auk\u0161ta energin\u0117 klas\u0117 ir saugumas \u2013 geresnis komfortas, ma\u017eesn\u0117s s\u0105skaitos. Teritorijoje \u2013 po\u017eemin\u0117 ir ant\u017eemin\u0117 automobili\u0173 aik\u0161tel\u0117, viskas arti nam\u0173 \u2013 parduotuv\u0117s, sporto klubai, \u017ealieji parkai. Nuostabi vieta: \u0160e\u0161kin\u0117 \u2013 vienas \u017ealiausi\u0173 Vilniaus rajon\u0173, vos keli \u017eingsniai iki parko, stadiono, teniso aik\u0161teli\u0173.  <\/p>\n\n<p>YZY Kartos laiptin\u0117s sukurtos taip, kad jaustum\u0117t\u0117s kaip moderniame miesto vie\u0161butyje.<\/p>\n\n<p>Erdv\u016bs, \u0161vies\u016bs butai su apgalvotais sprendimais leis m\u0117gautis kasdienybe be r\u016bpes\u010di\u0173, o specialios kainos \u2013 priartins svajon\u0119 prie realyb\u0117s.<\/p>\n\n<p><strong>2 kamb. 48 kv.m. \u012frengtas \u2013 165 900 EUR <s>176 000 EUR<\/s><br\/>2 kamb. 50 kv.m. \u012frengtas \u2013 173 000 EUR <s>182 900 EUR<\/s><br\/>2 kamb. 48 kv.m. <strong>\u012frengtas <\/strong> \u2013 169 000 EUR <s>180 700 EUR<\/s><br\/>2 kamb. 48 kv.m. <strong>\u012frengtas <\/strong> \u2013 165 900 EUR <s>176 000 EUR<\/s><\/strong><\/p>\n\n<div class=\"wp-block-buttons is-layout-flex wp-block-buttons-is-layout-flex\">\n<div class=\"wp-block-button\"><a class=\"wp-block-button__link wp-element-button\" href=\"https:\/\/yzykartos.lt\/rinktis-buta\/\"><strong><em>Daugiau informacijos!<\/em><\/strong><\/a><\/div>\n<\/div>\n\n<div style=\"height:44px\" aria-hidden=\"true\" class=\"wp-block-spacer\"><\/div>\n\n<figure class=\"wp-block-gallery has-nested-images columns-default is-cropped wp-block-gallery-3 is-layout-flex wp-block-gallery-is-layout-flex\">\n<figure class=\"wp-block-image size-large\"><img loading=\"lazy\" decoding=\"async\" width=\"1024\" height=\"768\" data-id=\"3517\" src=\"https:\/\/omberg.lt\/wp-content\/uploads\/2025\/11\/yzy-kartos-laiptines-1024x768.jpg\" alt=\"\" class=\"wp-image-3517\" srcset=\"https:\/\/omberg.lt\/wp-content\/uploads\/2025\/11\/yzy-kartos-laiptines-1024x768.jpg 1024w, https:\/\/omberg.lt\/wp-content\/uploads\/2025\/11\/yzy-kartos-laiptines-300x225.jpg 300w, https:\/\/omberg.lt\/wp-content\/uploads\/2025\/11\/yzy-kartos-laiptines-768x576.jpg 768w, https:\/\/omberg.lt\/wp-content\/uploads\/2025\/11\/yzy-kartos-laiptines-1536x1152.jpg 1536w, https:\/\/omberg.lt\/wp-content\/uploads\/2025\/11\/yzy-kartos-laiptines-2048x1536.jpg 2048w, https:\/\/omberg.lt\/wp-content\/uploads\/2025\/11\/yzy-kartos-laiptines-568x426.jpg 568w\" sizes=\"auto, (max-width: 1024px) 100vw, 1024px\" \/><\/figure>\n\n\n\n<figure class=\"wp-block-image size-large\"><img loading=\"lazy\" decoding=\"async\" width=\"1024\" height=\"768\" data-id=\"3519\" src=\"https:\/\/omberg.lt\/wp-content\/uploads\/2025\/11\/yzy-kartos-vizualizacija-1024x768.jpg\" alt=\"\" class=\"wp-image-3519\" srcset=\"https:\/\/omberg.lt\/wp-content\/uploads\/2025\/11\/yzy-kartos-vizualizacija-1024x768.jpg 1024w, https:\/\/omberg.lt\/wp-content\/uploads\/2025\/11\/yzy-kartos-vizualizacija-300x225.jpg 300w, https:\/\/omberg.lt\/wp-content\/uploads\/2025\/11\/yzy-kartos-vizualizacija-768x576.jpg 768w, https:\/\/omberg.lt\/wp-content\/uploads\/2025\/11\/yzy-kartos-vizualizacija-1536x1152.jpg 1536w, https:\/\/omberg.lt\/wp-content\/uploads\/2025\/11\/yzy-kartos-vizualizacija-2048x1536.jpg 2048w, https:\/\/omberg.lt\/wp-content\/uploads\/2025\/11\/yzy-kartos-vizualizacija-568x426.jpg 568w\" sizes=\"auto, (max-width: 1024px) 100vw, 1024px\" \/><\/figure>\n<\/figure>\n","protected":false},"excerpt":{"rendered":"<p>Vienoje vietoje \u2013 geriausi pasi\u016blymai m\u016bs\u0173 projektuose: nuo kompakti\u0161k\u0173 2 k. iki erdvi\u0173 4 k. but\u0173. Presti\u017einiai butai SKYLUM projekte!* Atraskite savo auk\u0161t\u0105j\u0105 gyvenimo patirt\u012f Vilniaus \u0161irdyje \u2013 projektas \u201eSkylum\u201d Vir\u0161uli\u0161k\u0117se sukurtas tiems, kurie nori gyventi auk\u0161\u010diau kasdienyb\u0117s. I\u0161skirtin\u0117s architekt\u016bros daugiabutis su stogo terasomis, moderniais sprendimais ir visa miesto patogum\u0173 infrastrukt\u016bra vos u\u017e dviej\u0173 gatvi\u0173 &hellip; <a href=\"https:\/\/omberg.lt\/en\/kaledines-nuolaidos-geriausiems-butams\/\">Continued<\/a><\/p>\n","protected":false},"author":11,"featured_media":3423,"parent":0,"menu_order":0,"comment_status":"closed","ping_status":"closed","template":"","meta":{"_acf_changed":false,"footnotes":""},"class_list":["post-3853","page","type-page","status-publish","has-post-thumbnail","hentry"],"acf":[],"yoast_head":"<!-- This site is optimized with the Yoast SEO plugin v27.3 - https:\/\/yoast.com\/product\/yoast-seo-wordpress\/ -->\n<title>Kal\u0117din\u0117s nuolaidos geriausiems butams!!! - Omberg<\/title>\n<meta name=\"robots\" content=\"index, follow, max-snippet:-1, max-image-preview:large, max-video-preview:-1\" \/>\n<link rel=\"canonical\" href=\"https:\/\/omberg.lt\/en\/kaledines-nuolaidos-geriausiems-butams\/\" \/>\n<meta property=\"og:locale\" content=\"en_US\" \/>\n<meta property=\"og:type\" content=\"article\" \/>\n<meta property=\"og:title\" content=\"Kal\u0117din\u0117s nuolaidos geriausiems butams!!! - Omberg\" \/>\n<meta property=\"og:description\" content=\"Vienoje vietoje \u2013 geriausi pasi\u016blymai m\u016bs\u0173 projektuose: nuo kompakti\u0161k\u0173 2 k. iki erdvi\u0173 4 k. but\u0173. Presti\u017einiai butai SKYLUM projekte!* Atraskite savo auk\u0161t\u0105j\u0105 gyvenimo patirt\u012f Vilniaus \u0161irdyje \u2013 projektas \u201eSkylum\u201d Vir\u0161uli\u0161k\u0117se sukurtas tiems, kurie nori gyventi auk\u0161\u010diau kasdienyb\u0117s. I\u0161skirtin\u0117s architekt\u016bros daugiabutis su stogo terasomis, moderniais sprendimais ir visa miesto patogum\u0173 infrastrukt\u016bra vos u\u017e dviej\u0173 gatvi\u0173 &hellip; Continued\" \/>\n<meta property=\"og:url\" content=\"https:\/\/omberg.lt\/en\/kaledines-nuolaidos-geriausiems-butams\/\" \/>\n<meta property=\"og:site_name\" content=\"Omberg\" \/>\n<meta property=\"article:modified_time\" content=\"2026-03-09T11:22:58+00:00\" \/>\n<meta property=\"og:image\" content=\"https:\/\/omberg.lt\/wp-content\/uploads\/2025\/11\/skylumlogogradientas-01-1-scaled.png\" \/>\n\t<meta property=\"og:image:width\" content=\"2560\" \/>\n\t<meta property=\"og:image:height\" content=\"1154\" \/>\n\t<meta property=\"og:image:type\" content=\"image\/png\" \/>\n<meta name=\"twitter:card\" content=\"summary_large_image\" \/>\n<meta name=\"twitter:label1\" content=\"Est. reading time\" \/>\n\t<meta name=\"twitter:data1\" content=\"2 minutes\" \/>\n<script type=\"application\/ld+json\" class=\"yoast-schema-graph\">{\"@context\":\"https:\\\/\\\/schema.org\",\"@graph\":[{\"@type\":\"WebPage\",\"@id\":\"https:\\\/\\\/omberg.lt\\\/en\\\/kaledines-nuolaidos-geriausiems-butams\\\/\",\"url\":\"https:\\\/\\\/omberg.lt\\\/en\\\/kaledines-nuolaidos-geriausiems-butams\\\/\",\"name\":\"Kal\u0117din\u0117s nuolaidos geriausiems butams!!! - Omberg\",\"isPartOf\":{\"@id\":\"https:\\\/\\\/omberg.lt\\\/en\\\/#website\"},\"primaryImageOfPage\":{\"@id\":\"https:\\\/\\\/omberg.lt\\\/en\\\/kaledines-nuolaidos-geriausiems-butams\\\/#primaryimage\"},\"image\":{\"@id\":\"https:\\\/\\\/omberg.lt\\\/en\\\/kaledines-nuolaidos-geriausiems-butams\\\/#primaryimage\"},\"thumbnailUrl\":\"https:\\\/\\\/omberg.lt\\\/wp-content\\\/uploads\\\/2025\\\/11\\\/skylumlogogradientas-01-1-scaled.png\",\"datePublished\":\"2025-11-18T08:03:06+00:00\",\"dateModified\":\"2026-03-09T11:22:58+00:00\",\"breadcrumb\":{\"@id\":\"https:\\\/\\\/omberg.lt\\\/en\\\/kaledines-nuolaidos-geriausiems-butams\\\/#breadcrumb\"},\"inLanguage\":\"en-US\",\"potentialAction\":[{\"@type\":\"ReadAction\",\"target\":[\"https:\\\/\\\/omberg.lt\\\/en\\\/kaledines-nuolaidos-geriausiems-butams\\\/\"]}]},{\"@type\":\"ImageObject\",\"inLanguage\":\"en-US\",\"@id\":\"https:\\\/\\\/omberg.lt\\\/en\\\/kaledines-nuolaidos-geriausiems-butams\\\/#primaryimage\",\"url\":\"https:\\\/\\\/omberg.lt\\\/wp-content\\\/uploads\\\/2025\\\/11\\\/skylumlogogradientas-01-1-scaled.png\",\"contentUrl\":\"https:\\\/\\\/omberg.lt\\\/wp-content\\\/uploads\\\/2025\\\/11\\\/skylumlogogradientas-01-1-scaled.png\",\"width\":2560,\"height\":1154},{\"@type\":\"BreadcrumbList\",\"@id\":\"https:\\\/\\\/omberg.lt\\\/en\\\/kaledines-nuolaidos-geriausiems-butams\\\/#breadcrumb\",\"itemListElement\":[{\"@type\":\"ListItem\",\"position\":1,\"name\":\"Home\",\"item\":\"https:\\\/\\\/omberg.lt\\\/en\\\/omberg-group\\\/\"},{\"@type\":\"ListItem\",\"position\":2,\"name\":\"Kal\u0117din\u0117s nuolaidos geriausiems butams!!!\"}]},{\"@type\":\"WebSite\",\"@id\":\"https:\\\/\\\/omberg.lt\\\/en\\\/#website\",\"url\":\"https:\\\/\\\/omberg.lt\\\/en\\\/\",\"name\":\"Omberg\",\"description\":\"Namai gyvenimui ir verslui\",\"potentialAction\":[{\"@type\":\"SearchAction\",\"target\":{\"@type\":\"EntryPoint\",\"urlTemplate\":\"https:\\\/\\\/omberg.lt\\\/en\\\/?s={search_term_string}\"},\"query-input\":{\"@type\":\"PropertyValueSpecification\",\"valueRequired\":true,\"valueName\":\"search_term_string\"}}],\"inLanguage\":\"en-US\"}]}<\/script>\n<!-- \/ Yoast SEO plugin. -->","yoast_head_json":{"title":"Kal\u0117din\u0117s nuolaidos geriausiems butams!!! - Omberg","robots":{"index":"index","follow":"follow","max-snippet":"max-snippet:-1","max-image-preview":"max-image-preview:large","max-video-preview":"max-video-preview:-1"},"canonical":"https:\/\/omberg.lt\/en\/kaledines-nuolaidos-geriausiems-butams\/","og_locale":"en_US","og_type":"article","og_title":"Kal\u0117din\u0117s nuolaidos geriausiems butams!!! - Omberg","og_description":"Vienoje vietoje \u2013 geriausi pasi\u016blymai m\u016bs\u0173 projektuose: nuo kompakti\u0161k\u0173 2 k. iki erdvi\u0173 4 k. but\u0173. Presti\u017einiai butai SKYLUM projekte!* Atraskite savo auk\u0161t\u0105j\u0105 gyvenimo patirt\u012f Vilniaus \u0161irdyje \u2013 projektas \u201eSkylum\u201d Vir\u0161uli\u0161k\u0117se sukurtas tiems, kurie nori gyventi auk\u0161\u010diau kasdienyb\u0117s. I\u0161skirtin\u0117s architekt\u016bros daugiabutis su stogo terasomis, moderniais sprendimais ir visa miesto patogum\u0173 infrastrukt\u016bra vos u\u017e dviej\u0173 gatvi\u0173 &hellip; Continued","og_url":"https:\/\/omberg.lt\/en\/kaledines-nuolaidos-geriausiems-butams\/","og_site_name":"Omberg","article_modified_time":"2026-03-09T11:22:58+00:00","og_image":[{"width":2560,"height":1154,"url":"https:\/\/omberg.lt\/wp-content\/uploads\/2025\/11\/skylumlogogradientas-01-1-scaled.png","type":"image\/png"}],"twitter_card":"summary_large_image","twitter_misc":{"Est. reading time":"2 minutes"},"schema":{"@context":"https:\/\/schema.org","@graph":[{"@type":"WebPage","@id":"https:\/\/omberg.lt\/en\/kaledines-nuolaidos-geriausiems-butams\/","url":"https:\/\/omberg.lt\/en\/kaledines-nuolaidos-geriausiems-butams\/","name":"Kal\u0117din\u0117s nuolaidos geriausiems butams!!! - Omberg","isPartOf":{"@id":"https:\/\/omberg.lt\/en\/#website"},"primaryImageOfPage":{"@id":"https:\/\/omberg.lt\/en\/kaledines-nuolaidos-geriausiems-butams\/#primaryimage"},"image":{"@id":"https:\/\/omberg.lt\/en\/kaledines-nuolaidos-geriausiems-butams\/#primaryimage"},"thumbnailUrl":"https:\/\/omberg.lt\/wp-content\/uploads\/2025\/11\/skylumlogogradientas-01-1-scaled.png","datePublished":"2025-11-18T08:03:06+00:00","dateModified":"2026-03-09T11:22:58+00:00","breadcrumb":{"@id":"https:\/\/omberg.lt\/en\/kaledines-nuolaidos-geriausiems-butams\/#breadcrumb"},"inLanguage":"en-US","potentialAction":[{"@type":"ReadAction","target":["https:\/\/omberg.lt\/en\/kaledines-nuolaidos-geriausiems-butams\/"]}]},{"@type":"ImageObject","inLanguage":"en-US","@id":"https:\/\/omberg.lt\/en\/kaledines-nuolaidos-geriausiems-butams\/#primaryimage","url":"https:\/\/omberg.lt\/wp-content\/uploads\/2025\/11\/skylumlogogradientas-01-1-scaled.png","contentUrl":"https:\/\/omberg.lt\/wp-content\/uploads\/2025\/11\/skylumlogogradientas-01-1-scaled.png","width":2560,"height":1154},{"@type":"BreadcrumbList","@id":"https:\/\/omberg.lt\/en\/kaledines-nuolaidos-geriausiems-butams\/#breadcrumb","itemListElement":[{"@type":"ListItem","position":1,"name":"Home","item":"https:\/\/omberg.lt\/en\/omberg-group\/"},{"@type":"ListItem","position":2,"name":"Kal\u0117din\u0117s nuolaidos geriausiems butams!!!"}]},{"@type":"WebSite","@id":"https:\/\/omberg.lt\/en\/#website","url":"https:\/\/omberg.lt\/en\/","name":"Omberg","description":"Namai gyvenimui ir verslui","potentialAction":[{"@type":"SearchAction","target":{"@type":"EntryPoint","urlTemplate":"https:\/\/omberg.lt\/en\/?s={search_term_string}"},"query-input":{"@type":"PropertyValueSpecification","valueRequired":true,"valueName":"search_term_string"}}],"inLanguage":"en-US"}]}},"_links":{"self":[{"href":"https:\/\/omberg.lt\/en\/wp-json\/wp\/v2\/pages\/3853","targetHints":{"allow":["GET"]}}],"collection":[{"href":"https:\/\/omberg.lt\/en\/wp-json\/wp\/v2\/pages"}],"about":[{"href":"https:\/\/omberg.lt\/en\/wp-json\/wp\/v2\/types\/page"}],"author":[{"embeddable":true,"href":"https:\/\/omberg.lt\/en\/wp-json\/wp\/v2\/users\/11"}],"replies":[{"embeddable":true,"href":"https:\/\/omberg.lt\/en\/wp-json\/wp\/v2\/comments?post=3853"}],"version-history":[{"count":1,"href":"https:\/\/omberg.lt\/en\/wp-json\/wp\/v2\/pages\/3853\/revisions"}],"predecessor-version":[{"id":3854,"href":"https:\/\/omberg.lt\/en\/wp-json\/wp\/v2\/pages\/3853\/revisions\/3854"}],"wp:featuredmedia":[{"embeddable":true,"href":"https:\/\/omberg.lt\/en\/wp-json\/wp\/v2\/media\/3423"}],"wp:attachment":[{"href":"https:\/\/omberg.lt\/en\/wp-json\/wp\/v2\/media?parent=3853"}],"curies":[{"name":"wp","href":"https:\/\/api.w.org\/{rel}","templated":true}]}}