{"id":3855,"date":"2025-10-03T10:36:38","date_gmt":"2025-10-03T10:36:38","guid":{"rendered":"https:\/\/omberg.lt\/sveikiname-konkurso-kas-siandien-vakarienei-nugaletoja\/"},"modified":"2026-03-09T11:24:02","modified_gmt":"2026-03-09T11:24:02","slug":"sveikiname-konkurso-kas-siandien-vakarienei-nugaletoja","status":"publish","type":"page","link":"https:\/\/omberg.lt\/en\/sveikiname-konkurso-kas-siandien-vakarienei-nugaletoja\/","title":{"rendered":"Sveikiname konkurso \u201eKas \u0161iandien vakarienei?\u201c nugal\u0117toj\u0105!"},"content":{"rendered":"\n<p><strong><em>Su d\u017eiugesiu sveikiname konkurso nugal\u0117toj\u0105 &#8211; Lin\u0105 Staponkien\u0119 i\u0161 \u201eVy\u0161ni\u0173\u201c projekto! Jai atitenka 1000 \u20ac vert\u0117s degustacin\u0117 vakarien\u0117 restorane AMANDUS! <\/em><\/strong><\/p>\n\n<p><strong><em>D\u0117kojame visiems, kurie dalijosi savo vakaro ritualais. Kiekviena j\u016bs\u0173 nuotrauka buvo ma\u017eas priminimas, kad nam\u0173 skonis visada ypatingas. <\/em><\/strong><\/p>\n\n<p><strong><em>D\u0117l prizo atsi\u0117mimo su nugal\u0117toja susisieksime asmeni\u0161kai.<\/em><\/strong><\/p>\n\n<figure class=\"wp-block-image size-large is-style-default\"><img loading=\"lazy\" decoding=\"async\" width=\"768\" height=\"1024\" src=\"https:\/\/omberg.lt\/wp-content\/uploads\/2025\/11\/lina-staponkienevysnios-768x1024.jpg\" alt=\"\" class=\"wp-image-3399\" srcset=\"https:\/\/omberg.lt\/wp-content\/uploads\/2025\/11\/lina-staponkienevysnios-768x1024.jpg 768w, https:\/\/omberg.lt\/wp-content\/uploads\/2025\/11\/lina-staponkienevysnios-225x300.jpg 225w, https:\/\/omberg.lt\/wp-content\/uploads\/2025\/11\/lina-staponkienevysnios-1152x1536.jpg 1152w, https:\/\/omberg.lt\/wp-content\/uploads\/2025\/11\/lina-staponkienevysnios-568x757.jpg 568w, https:\/\/omberg.lt\/wp-content\/uploads\/2025\/11\/lina-staponkienevysnios.jpg 1536w\" sizes=\"auto, (max-width: 768px) 100vw, 768px\" \/><figcaption class=\"wp-element-caption\"><em>Nugal\u0117tojos Linos Staponkien\u0117s nuotrauka<\/em><\/figcaption><\/figure>\n\n<p>Ar jau \u017einote, kokia vakarien\u0117 \u0161iandien puikuosis ant j\u016bs\u0173 stalo?<\/p>\n\n<p>Norime pad\u0117koti, kad savo gyvenimo istorij\u0105 pasirinkote kurti \u201eOmberg group\u201c sukurtose erdv\u0117se, kurios tapo j\u016bs\u0173 namais, ir pakviesti jus dalyvauti ypatingame konkurse!<\/p>\n\n<p><br\/>Prizas \u2013 net <strong>1000 EUR<\/strong> vert\u0117s degustacin\u0117 vakarien\u0117 i\u0161skirtiniame \u0161efo Deivydo Praspaliausko restorane <em>AMANDUS<\/em>.<\/p>\n\n<p>Kaip dalyvauti?<\/p>\n\n<p><strong>1.<\/strong> Pagaminkite vakarien\u0119.<\/p>\n\n<p>Pasirinkite savo m\u0117gstam\u0105 patiekal\u0105 ar sukurkite ka\u017ek\u0105 naujo!<\/p>\n\n<p><strong>2<\/strong>. Nufotografuokite vakarien\u0119 savo namuose. <\/p>\n\n<p>Leiskite nuotraukai atskleisti j\u016bs\u0173 nam\u0173 jaukum\u0105 ir k\u016brybi\u0161kum\u0105. \u012ekelkite nuotrauk\u0105 \u012f Instagram arba Facebook. <\/p>\n\n<p><strong>3.<\/strong> Pa\u017eym\u0117kite \u201eOmberg group\u201c ir para\u0161ykite #omberg bei #kas\u0161iandienvakarienei.<\/p>\n\n<p><\/p>\n\n<p>Konkursas vyksta iki lapkri\u010dio 7 d. Laim\u0117toj\u0105 burt\u0173 keliu i\u0161rinksime lapkri\u010dio 8 d. <\/p>\n\n<p>Nugal\u0117toj\u0105 paskelbsime svetain\u0117je <a href=\"http:\/\/www.omberg.lt\/konkursas\">www.omberg.lt\/konkursas<\/a> bei m\u016bs\u0173 socialiniuose tinkluose.<\/p>\n\n<p><br\/>Priz\u0105 bus galima atsiimti tiesiogiai susisiekus su m\u016bs\u0173 komanda \u2013 vis\u0105 informacij\u0105 pateiksime laim\u0117tojui asmeni\u0161kai.<\/p>\n\n<p>*Dalyvauti konkurse gali tik gyventojai, \u012fsigij\u0119 butus m\u016bs\u0173 projektuose. Dalyvaudami konkurse, dalyviai sutinka, kad laim\u0117tojo vardas ir atvaizdas gali b\u016bti naudojami konkurso laim\u0117tojo paskelbimo ir vie\u0161inimo tikslais. <\/p>\n\n<p>Linkime jauki\u0173 vakar\u0173, \u012fsimintin\u0173 akimirk\u0173 prie stalo ir skaniausi\u0173 atradim\u0173 virtuv\u0117je. Nes kiekvienas vakarien\u0117s stalas \u2013 tai istorija, o \u201eOmberg group\u201c erdv\u0117s yra tam, kad tokios istorijos gimt\u0173 ir kurt\u0173 bendryst\u0119 tarp \u017emoni\u0173. <\/p>\n\n<div style=\"height:30px\" aria-hidden=\"true\" class=\"wp-block-spacer\"><\/div>\n\n<div class=\"wp-block-columns is-layout-flex wp-container-core-columns-is-layout-9d6595d7 wp-block-columns-is-layout-flex\"><\/div>\n\n<p><\/p>\n\n<div class=\"wp-block-columns is-layout-flex wp-container-core-columns-is-layout-9d6595d7 wp-block-columns-is-layout-flex\">\n<div class=\"wp-block-column is-layout-flow wp-block-column-is-layout-flow\" style=\"flex-basis:66.66%\"><\/div>\n\n\n\n<div class=\"wp-block-column is-layout-flow wp-block-column-is-layout-flow\" style=\"flex-basis:33.33%\"><\/div>\n<\/div>\n\n<p><\/p>\n","protected":false},"excerpt":{"rendered":"<p>Su d\u017eiugesiu sveikiname konkurso nugal\u0117toj\u0105 &#8211; Lin\u0105 Staponkien\u0119 i\u0161 \u201eVy\u0161ni\u0173\u201c projekto! Jai atitenka 1000 \u20ac vert\u0117s degustacin\u0117 vakarien\u0117 restorane AMANDUS! D\u0117kojame visiems, kurie dalijosi savo vakaro ritualais. Kiekviena j\u016bs\u0173 nuotrauka buvo ma\u017eas priminimas, kad nam\u0173 skonis visada ypatingas. D\u0117l prizo atsi\u0117mimo su nugal\u0117toja susisieksime asmeni\u0161kai. Ar jau \u017einote, kokia vakarien\u0117 \u0161iandien puikuosis ant j\u016bs\u0173 stalo? &hellip; <a href=\"https:\/\/omberg.lt\/en\/sveikiname-konkurso-kas-siandien-vakarienei-nugaletoja\/\">Continued<\/a><\/p>\n","protected":false},"author":4,"featured_media":0,"parent":0,"menu_order":0,"comment_status":"closed","ping_status":"closed","template":"","meta":{"_acf_changed":false,"footnotes":""},"class_list":["post-3855","page","type-page","status-publish","hentry"],"acf":[],"yoast_head":"<!-- This site is optimized with the Yoast SEO plugin v27.4 - https:\/\/yoast.com\/product\/yoast-seo-wordpress\/ -->\n<title>Sveikiname konkurso \u201eKas \u0161iandien vakarienei?\u201c nugal\u0117toj\u0105! - Omberg<\/title>\n<meta name=\"robots\" content=\"index, follow, max-snippet:-1, max-image-preview:large, max-video-preview:-1\" \/>\n<link rel=\"canonical\" href=\"https:\/\/omberg.lt\/en\/sveikiname-konkurso-kas-siandien-vakarienei-nugaletoja\/\" \/>\n<meta property=\"og:locale\" content=\"en_US\" \/>\n<meta property=\"og:type\" content=\"article\" \/>\n<meta property=\"og:title\" content=\"Sveikiname konkurso \u201eKas \u0161iandien vakarienei?\u201c nugal\u0117toj\u0105! - Omberg\" \/>\n<meta property=\"og:description\" content=\"Su d\u017eiugesiu sveikiname konkurso nugal\u0117toj\u0105 &#8211; Lin\u0105 Staponkien\u0119 i\u0161 \u201eVy\u0161ni\u0173\u201c projekto! Jai atitenka 1000 \u20ac vert\u0117s degustacin\u0117 vakarien\u0117 restorane AMANDUS! D\u0117kojame visiems, kurie dalijosi savo vakaro ritualais. Kiekviena j\u016bs\u0173 nuotrauka buvo ma\u017eas priminimas, kad nam\u0173 skonis visada ypatingas. D\u0117l prizo atsi\u0117mimo su nugal\u0117toja susisieksime asmeni\u0161kai. Ar jau \u017einote, kokia vakarien\u0117 \u0161iandien puikuosis ant j\u016bs\u0173 stalo? &hellip; Continued\" \/>\n<meta property=\"og:url\" content=\"https:\/\/omberg.lt\/en\/sveikiname-konkurso-kas-siandien-vakarienei-nugaletoja\/\" \/>\n<meta property=\"og:site_name\" content=\"Omberg\" \/>\n<meta property=\"article:modified_time\" content=\"2026-03-09T11:24:02+00:00\" \/>\n<meta property=\"og:image\" content=\"https:\/\/omberg.lt\/wp-content\/uploads\/2025\/11\/lina-staponkienevysnios.jpg\" \/>\n\t<meta property=\"og:image:width\" content=\"1536\" \/>\n\t<meta property=\"og:image:height\" content=\"2048\" \/>\n\t<meta property=\"og:image:type\" content=\"image\/jpeg\" \/>\n<meta name=\"twitter:card\" content=\"summary_large_image\" \/>\n<meta name=\"twitter:label1\" content=\"Est. reading time\" \/>\n\t<meta name=\"twitter:data1\" content=\"1 minute\" \/>\n<script type=\"application\/ld+json\" class=\"yoast-schema-graph\">{\"@context\":\"https:\\\/\\\/schema.org\",\"@graph\":[{\"@type\":\"WebPage\",\"@id\":\"https:\\\/\\\/omberg.lt\\\/en\\\/sveikiname-konkurso-kas-siandien-vakarienei-nugaletoja\\\/\",\"url\":\"https:\\\/\\\/omberg.lt\\\/en\\\/sveikiname-konkurso-kas-siandien-vakarienei-nugaletoja\\\/\",\"name\":\"Sveikiname konkurso \u201eKas \u0161iandien vakarienei?\u201c nugal\u0117toj\u0105! - Omberg\",\"isPartOf\":{\"@id\":\"https:\\\/\\\/omberg.lt\\\/en\\\/#website\"},\"primaryImageOfPage\":{\"@id\":\"https:\\\/\\\/omberg.lt\\\/en\\\/sveikiname-konkurso-kas-siandien-vakarienei-nugaletoja\\\/#primaryimage\"},\"image\":{\"@id\":\"https:\\\/\\\/omberg.lt\\\/en\\\/sveikiname-konkurso-kas-siandien-vakarienei-nugaletoja\\\/#primaryimage\"},\"thumbnailUrl\":\"https:\\\/\\\/omberg.lt\\\/wp-content\\\/uploads\\\/2025\\\/11\\\/lina-staponkienevysnios-768x1024.jpg\",\"datePublished\":\"2025-10-03T10:36:38+00:00\",\"dateModified\":\"2026-03-09T11:24:02+00:00\",\"breadcrumb\":{\"@id\":\"https:\\\/\\\/omberg.lt\\\/en\\\/sveikiname-konkurso-kas-siandien-vakarienei-nugaletoja\\\/#breadcrumb\"},\"inLanguage\":\"en-US\",\"potentialAction\":[{\"@type\":\"ReadAction\",\"target\":[\"https:\\\/\\\/omberg.lt\\\/en\\\/sveikiname-konkurso-kas-siandien-vakarienei-nugaletoja\\\/\"]}]},{\"@type\":\"ImageObject\",\"inLanguage\":\"en-US\",\"@id\":\"https:\\\/\\\/omberg.lt\\\/en\\\/sveikiname-konkurso-kas-siandien-vakarienei-nugaletoja\\\/#primaryimage\",\"url\":\"https:\\\/\\\/omberg.lt\\\/wp-content\\\/uploads\\\/2025\\\/11\\\/lina-staponkienevysnios-768x1024.jpg\",\"contentUrl\":\"https:\\\/\\\/omberg.lt\\\/wp-content\\\/uploads\\\/2025\\\/11\\\/lina-staponkienevysnios-768x1024.jpg\"},{\"@type\":\"BreadcrumbList\",\"@id\":\"https:\\\/\\\/omberg.lt\\\/en\\\/sveikiname-konkurso-kas-siandien-vakarienei-nugaletoja\\\/#breadcrumb\",\"itemListElement\":[{\"@type\":\"ListItem\",\"position\":1,\"name\":\"Home\",\"item\":\"https:\\\/\\\/omberg.lt\\\/en\\\/omberg-group\\\/\"},{\"@type\":\"ListItem\",\"position\":2,\"name\":\"Sveikiname konkurso \u201eKas \u0161iandien vakarienei?\u201c nugal\u0117toj\u0105!\"}]},{\"@type\":\"WebSite\",\"@id\":\"https:\\\/\\\/omberg.lt\\\/en\\\/#website\",\"url\":\"https:\\\/\\\/omberg.lt\\\/en\\\/\",\"name\":\"Omberg\",\"description\":\"Namai gyvenimui ir verslui\",\"potentialAction\":[{\"@type\":\"SearchAction\",\"target\":{\"@type\":\"EntryPoint\",\"urlTemplate\":\"https:\\\/\\\/omberg.lt\\\/en\\\/?s={search_term_string}\"},\"query-input\":{\"@type\":\"PropertyValueSpecification\",\"valueRequired\":true,\"valueName\":\"search_term_string\"}}],\"inLanguage\":\"en-US\"}]}<\/script>\n<!-- \/ Yoast SEO plugin. -->","yoast_head_json":{"title":"Sveikiname konkurso \u201eKas \u0161iandien vakarienei?\u201c nugal\u0117toj\u0105! - Omberg","robots":{"index":"index","follow":"follow","max-snippet":"max-snippet:-1","max-image-preview":"max-image-preview:large","max-video-preview":"max-video-preview:-1"},"canonical":"https:\/\/omberg.lt\/en\/sveikiname-konkurso-kas-siandien-vakarienei-nugaletoja\/","og_locale":"en_US","og_type":"article","og_title":"Sveikiname konkurso \u201eKas \u0161iandien vakarienei?\u201c nugal\u0117toj\u0105! - Omberg","og_description":"Su d\u017eiugesiu sveikiname konkurso nugal\u0117toj\u0105 &#8211; Lin\u0105 Staponkien\u0119 i\u0161 \u201eVy\u0161ni\u0173\u201c projekto! Jai atitenka 1000 \u20ac vert\u0117s degustacin\u0117 vakarien\u0117 restorane AMANDUS! D\u0117kojame visiems, kurie dalijosi savo vakaro ritualais. Kiekviena j\u016bs\u0173 nuotrauka buvo ma\u017eas priminimas, kad nam\u0173 skonis visada ypatingas. D\u0117l prizo atsi\u0117mimo su nugal\u0117toja susisieksime asmeni\u0161kai. Ar jau \u017einote, kokia vakarien\u0117 \u0161iandien puikuosis ant j\u016bs\u0173 stalo? &hellip; Continued","og_url":"https:\/\/omberg.lt\/en\/sveikiname-konkurso-kas-siandien-vakarienei-nugaletoja\/","og_site_name":"Omberg","article_modified_time":"2026-03-09T11:24:02+00:00","og_image":[{"width":1536,"height":2048,"url":"https:\/\/omberg.lt\/wp-content\/uploads\/2025\/11\/lina-staponkienevysnios.jpg","type":"image\/jpeg"}],"twitter_card":"summary_large_image","twitter_misc":{"Est. reading time":"1 minute"},"schema":{"@context":"https:\/\/schema.org","@graph":[{"@type":"WebPage","@id":"https:\/\/omberg.lt\/en\/sveikiname-konkurso-kas-siandien-vakarienei-nugaletoja\/","url":"https:\/\/omberg.lt\/en\/sveikiname-konkurso-kas-siandien-vakarienei-nugaletoja\/","name":"Sveikiname konkurso \u201eKas \u0161iandien vakarienei?\u201c nugal\u0117toj\u0105! - Omberg","isPartOf":{"@id":"https:\/\/omberg.lt\/en\/#website"},"primaryImageOfPage":{"@id":"https:\/\/omberg.lt\/en\/sveikiname-konkurso-kas-siandien-vakarienei-nugaletoja\/#primaryimage"},"image":{"@id":"https:\/\/omberg.lt\/en\/sveikiname-konkurso-kas-siandien-vakarienei-nugaletoja\/#primaryimage"},"thumbnailUrl":"https:\/\/omberg.lt\/wp-content\/uploads\/2025\/11\/lina-staponkienevysnios-768x1024.jpg","datePublished":"2025-10-03T10:36:38+00:00","dateModified":"2026-03-09T11:24:02+00:00","breadcrumb":{"@id":"https:\/\/omberg.lt\/en\/sveikiname-konkurso-kas-siandien-vakarienei-nugaletoja\/#breadcrumb"},"inLanguage":"en-US","potentialAction":[{"@type":"ReadAction","target":["https:\/\/omberg.lt\/en\/sveikiname-konkurso-kas-siandien-vakarienei-nugaletoja\/"]}]},{"@type":"ImageObject","inLanguage":"en-US","@id":"https:\/\/omberg.lt\/en\/sveikiname-konkurso-kas-siandien-vakarienei-nugaletoja\/#primaryimage","url":"https:\/\/omberg.lt\/wp-content\/uploads\/2025\/11\/lina-staponkienevysnios-768x1024.jpg","contentUrl":"https:\/\/omberg.lt\/wp-content\/uploads\/2025\/11\/lina-staponkienevysnios-768x1024.jpg"},{"@type":"BreadcrumbList","@id":"https:\/\/omberg.lt\/en\/sveikiname-konkurso-kas-siandien-vakarienei-nugaletoja\/#breadcrumb","itemListElement":[{"@type":"ListItem","position":1,"name":"Home","item":"https:\/\/omberg.lt\/en\/omberg-group\/"},{"@type":"ListItem","position":2,"name":"Sveikiname konkurso \u201eKas \u0161iandien vakarienei?\u201c nugal\u0117toj\u0105!"}]},{"@type":"WebSite","@id":"https:\/\/omberg.lt\/en\/#website","url":"https:\/\/omberg.lt\/en\/","name":"Omberg","description":"Namai gyvenimui ir verslui","potentialAction":[{"@type":"SearchAction","target":{"@type":"EntryPoint","urlTemplate":"https:\/\/omberg.lt\/en\/?s={search_term_string}"},"query-input":{"@type":"PropertyValueSpecification","valueRequired":true,"valueName":"search_term_string"}}],"inLanguage":"en-US"}]}},"_links":{"self":[{"href":"https:\/\/omberg.lt\/en\/wp-json\/wp\/v2\/pages\/3855","targetHints":{"allow":["GET"]}}],"collection":[{"href":"https:\/\/omberg.lt\/en\/wp-json\/wp\/v2\/pages"}],"about":[{"href":"https:\/\/omberg.lt\/en\/wp-json\/wp\/v2\/types\/page"}],"author":[{"embeddable":true,"href":"https:\/\/omberg.lt\/en\/wp-json\/wp\/v2\/users\/4"}],"replies":[{"embeddable":true,"href":"https:\/\/omberg.lt\/en\/wp-json\/wp\/v2\/comments?post=3855"}],"version-history":[{"count":1,"href":"https:\/\/omberg.lt\/en\/wp-json\/wp\/v2\/pages\/3855\/revisions"}],"predecessor-version":[{"id":3856,"href":"https:\/\/omberg.lt\/en\/wp-json\/wp\/v2\/pages\/3855\/revisions\/3856"}],"wp:attachment":[{"href":"https:\/\/omberg.lt\/en\/wp-json\/wp\/v2\/media?parent=3855"}],"curies":[{"name":"wp","href":"https:\/\/api.w.org\/{rel}","templated":true}]}}