{"id":3865,"date":"2023-04-21T11:56:31","date_gmt":"2023-04-21T11:56:31","guid":{"rendered":"https:\/\/omberg.lt\/virsuliskiu-stogai-tai-triju-11-aukstu-daugiabuciu-projektas-virsuliskese-kuriame-suprojektuoti-157-butai\/"},"modified":"2026-03-19T15:02:55","modified_gmt":"2026-03-19T15:02:55","slug":"virsuliskiu-stogai","status":"publish","type":"page","link":"https:\/\/omberg.lt\/en\/virsuliskiu-stogai\/","title":{"rendered":"&#8220;Vir\u0161uli\u0161ki\u0173 Stogai&#8221;: 157 apartments across three 11-story buildings."},"content":{"rendered":"\n<p>Surrounded by convenient infrastructure and lush green parks, these A+ energy-class homes offer a respite from the city\u2019s noise, allowing residents to enjoy everyday comfort and panoramic views. Unique architectural solutions provide an elevated level of convenience for every resident.<\/p>\n\n\n\n<p>ADVANTAGES<\/p>\n\n\n\n<ul class=\"wp-block-list\">\n<li>The A+ energy efficiency rating will preserve the property\u2019s value and ensure comfortable living conditions for decades to come.<\/li>\n\n\n\n<li>Spacious and efficiently designed apartments.<\/li>\n\n\n\n<li>All apartments have feature spacious balconies, while first-floor apartments include lush private terraces. Balconies are unenclosed to allow for unobstructed panoramic views.<\/li>\n\n\n\n<li>Individual heat recovery system (HRV) \u2013 fresh, clean air in the apartment and lower heating costs.<\/li>\n\n\n\n<li>Underground and surface parking, including EV charging stations and dedicated guest parking.<\/li>\n\n\n\n<li>For your daily rides, the community features bicycle racks and a bike maintenance station.<\/li>\n\n\n\n<li>Just a 1-minute walk from the future Vir\u0161uli\u0161k\u0117s Square, featuring a skate park, playgrounds, and recreational spaces.<\/li>\n\n\n\n<li>Exclusive rooftop terraces on the 11th floor of every building offer shared lounge and leisure areas for neighbors.<\/li>\n\n\n\n<li>Across the street are public transportation stops and the Mados shopping center. Nearby are schools and medical facilities.<\/li>\n<\/ul>\n\n\n\n<figure class=\"wp-block-image size-large\"><img loading=\"lazy\" decoding=\"async\" width=\"1024\" height=\"573\" src=\"http:\/\/omberg.lt\/app\/uploads\/2023\/04\/cam1virsuliskiustogaiv05-1024x573.jpg\" alt=\"\" class=\"wp-image-2071\" srcset=\"https:\/\/omberg.lt\/wp-content\/uploads\/2023\/04\/cam1virsuliskiustogaiv05-1024x573.jpg 1024w, https:\/\/omberg.lt\/wp-content\/uploads\/2023\/04\/cam1virsuliskiustogaiv05-300x168.jpg 300w, https:\/\/omberg.lt\/wp-content\/uploads\/2023\/04\/cam1virsuliskiustogaiv05-768x430.jpg 768w, https:\/\/omberg.lt\/wp-content\/uploads\/2023\/04\/cam1virsuliskiustogaiv05-1536x860.jpg 1536w, https:\/\/omberg.lt\/wp-content\/uploads\/2023\/04\/cam1virsuliskiustogaiv05-2048x1147.jpg 2048w, https:\/\/omberg.lt\/wp-content\/uploads\/2023\/04\/cam1virsuliskiustogaiv05-568x318.jpg 568w\" sizes=\"auto, (max-width: 1024px) 100vw, 1024px\" \/><\/figure>\n\n\n\n<figure class=\"wp-block-image size-large\"><img loading=\"lazy\" decoding=\"async\" width=\"1024\" height=\"599\" src=\"http:\/\/omberg.lt\/app\/uploads\/2023\/04\/cam2virsuliskiustogaiv02-1024x599.jpg\" alt=\"\" class=\"wp-image-2073\" srcset=\"https:\/\/omberg.lt\/wp-content\/uploads\/2023\/04\/cam2virsuliskiustogaiv02-1024x599.jpg 1024w, https:\/\/omberg.lt\/wp-content\/uploads\/2023\/04\/cam2virsuliskiustogaiv02-300x176.jpg 300w, https:\/\/omberg.lt\/wp-content\/uploads\/2023\/04\/cam2virsuliskiustogaiv02-768x449.jpg 768w, https:\/\/omberg.lt\/wp-content\/uploads\/2023\/04\/cam2virsuliskiustogaiv02-1536x899.jpg 1536w, https:\/\/omberg.lt\/wp-content\/uploads\/2023\/04\/cam2virsuliskiustogaiv02-2048x1198.jpg 2048w, https:\/\/omberg.lt\/wp-content\/uploads\/2023\/04\/cam2virsuliskiustogaiv02-568x332.jpg 568w\" sizes=\"auto, (max-width: 1024px) 100vw, 1024px\" \/><\/figure>\n","protected":false},"excerpt":{"rendered":"<p>Surrounded by convenient infrastructure and lush green parks, these A+ energy-class homes offer a respite from the city\u2019s noise, allowing residents to enjoy everyday comfort and panoramic views. Unique architectural solutions provide an elevated level of convenience for every resident. ADVANTAGES<\/p>\n","protected":false},"author":6,"featured_media":0,"parent":0,"menu_order":0,"comment_status":"closed","ping_status":"closed","template":"","meta":{"_acf_changed":false,"footnotes":""},"class_list":["post-3865","page","type-page","status-publish","hentry"],"acf":[],"yoast_head":"<!-- This site is optimized with the Yoast SEO plugin v27.3 - https:\/\/yoast.com\/product\/yoast-seo-wordpress\/ -->\n<title>&quot;Vir\u0161uli\u0161ki\u0173 Stogai&quot;: 157 apartments across three 11-story buildings. - Omberg<\/title>\n<meta name=\"description\" content=\"&quot;Vir\u0161uli\u0161ki\u0173 Stogai&quot; - surrounded by convenient infrastructure and lush green parks A+ energy-class homes.\" \/>\n<meta name=\"robots\" content=\"index, follow, max-snippet:-1, max-image-preview:large, max-video-preview:-1\" \/>\n<link rel=\"canonical\" href=\"https:\/\/omberg.lt\/en\/virsuliskiu-stogai\/\" \/>\n<meta property=\"og:locale\" content=\"en_US\" \/>\n<meta property=\"og:type\" content=\"article\" \/>\n<meta property=\"og:title\" content=\"&quot;Vir\u0161uli\u0161ki\u0173 Stogai&quot;: 157 apartments across three 11-story buildings. - Omberg\" \/>\n<meta property=\"og:description\" content=\"&quot;Vir\u0161uli\u0161ki\u0173 Stogai&quot; - surrounded by convenient infrastructure and lush green parks A+ energy-class homes.\" \/>\n<meta property=\"og:url\" content=\"https:\/\/omberg.lt\/en\/virsuliskiu-stogai\/\" \/>\n<meta property=\"og:site_name\" content=\"Omberg\" \/>\n<meta property=\"article:modified_time\" content=\"2026-03-19T15:02:55+00:00\" \/>\n<meta property=\"og:image\" content=\"https:\/\/omberg.lt\/wp-content\/uploads\/2023\/04\/cam1virsuliskiustogaiv05-scaled.jpg\" \/>\n\t<meta property=\"og:image:width\" content=\"2560\" \/>\n\t<meta property=\"og:image:height\" content=\"1434\" \/>\n\t<meta property=\"og:image:type\" content=\"image\/jpeg\" \/>\n<meta name=\"twitter:card\" content=\"summary_large_image\" \/>\n<meta name=\"twitter:label1\" content=\"Est. reading time\" \/>\n\t<meta name=\"twitter:data1\" content=\"2 minutes\" \/>\n<script type=\"application\/ld+json\" class=\"yoast-schema-graph\">{\"@context\":\"https:\\\/\\\/schema.org\",\"@graph\":[{\"@type\":\"WebPage\",\"@id\":\"https:\\\/\\\/omberg.lt\\\/en\\\/virsuliskiu-stogai\\\/\",\"url\":\"https:\\\/\\\/omberg.lt\\\/en\\\/virsuliskiu-stogai\\\/\",\"name\":\"\\\"Vir\u0161uli\u0161ki\u0173 Stogai\\\": 157 apartments across three 11-story buildings. - Omberg\",\"isPartOf\":{\"@id\":\"https:\\\/\\\/omberg.lt\\\/en\\\/#website\"},\"primaryImageOfPage\":{\"@id\":\"https:\\\/\\\/omberg.lt\\\/en\\\/virsuliskiu-stogai\\\/#primaryimage\"},\"image\":{\"@id\":\"https:\\\/\\\/omberg.lt\\\/en\\\/virsuliskiu-stogai\\\/#primaryimage\"},\"thumbnailUrl\":\"http:\\\/\\\/omberg.lt\\\/app\\\/uploads\\\/2023\\\/04\\\/cam1virsuliskiustogaiv05-1024x573.jpg\",\"datePublished\":\"2023-04-21T11:56:31+00:00\",\"dateModified\":\"2026-03-19T15:02:55+00:00\",\"description\":\"\\\"Vir\u0161uli\u0161ki\u0173 Stogai\\\" - surrounded by convenient infrastructure and lush green parks A+ energy-class homes.\",\"breadcrumb\":{\"@id\":\"https:\\\/\\\/omberg.lt\\\/en\\\/virsuliskiu-stogai\\\/#breadcrumb\"},\"inLanguage\":\"en-US\",\"potentialAction\":[{\"@type\":\"ReadAction\",\"target\":[\"https:\\\/\\\/omberg.lt\\\/en\\\/virsuliskiu-stogai\\\/\"]}]},{\"@type\":\"ImageObject\",\"inLanguage\":\"en-US\",\"@id\":\"https:\\\/\\\/omberg.lt\\\/en\\\/virsuliskiu-stogai\\\/#primaryimage\",\"url\":\"http:\\\/\\\/omberg.lt\\\/app\\\/uploads\\\/2023\\\/04\\\/cam1virsuliskiustogaiv05-1024x573.jpg\",\"contentUrl\":\"http:\\\/\\\/omberg.lt\\\/app\\\/uploads\\\/2023\\\/04\\\/cam1virsuliskiustogaiv05-1024x573.jpg\"},{\"@type\":\"BreadcrumbList\",\"@id\":\"https:\\\/\\\/omberg.lt\\\/en\\\/virsuliskiu-stogai\\\/#breadcrumb\",\"itemListElement\":[{\"@type\":\"ListItem\",\"position\":1,\"name\":\"Home\",\"item\":\"https:\\\/\\\/omberg.lt\\\/en\\\/omberg-group\\\/\"},{\"@type\":\"ListItem\",\"position\":2,\"name\":\"&#8220;Vir\u0161uli\u0161ki\u0173 Stogai&#8221;: 157 apartments across three 11-story buildings.\"}]},{\"@type\":\"WebSite\",\"@id\":\"https:\\\/\\\/omberg.lt\\\/en\\\/#website\",\"url\":\"https:\\\/\\\/omberg.lt\\\/en\\\/\",\"name\":\"Omberg\",\"description\":\"Namai gyvenimui ir verslui\",\"potentialAction\":[{\"@type\":\"SearchAction\",\"target\":{\"@type\":\"EntryPoint\",\"urlTemplate\":\"https:\\\/\\\/omberg.lt\\\/en\\\/?s={search_term_string}\"},\"query-input\":{\"@type\":\"PropertyValueSpecification\",\"valueRequired\":true,\"valueName\":\"search_term_string\"}}],\"inLanguage\":\"en-US\"}]}<\/script>\n<!-- \/ Yoast SEO plugin. -->","yoast_head_json":{"title":"\"Vir\u0161uli\u0161ki\u0173 Stogai\": 157 apartments across three 11-story buildings. - Omberg","description":"\"Vir\u0161uli\u0161ki\u0173 Stogai\" - surrounded by convenient infrastructure and lush green parks A+ energy-class homes.","robots":{"index":"index","follow":"follow","max-snippet":"max-snippet:-1","max-image-preview":"max-image-preview:large","max-video-preview":"max-video-preview:-1"},"canonical":"https:\/\/omberg.lt\/en\/virsuliskiu-stogai\/","og_locale":"en_US","og_type":"article","og_title":"\"Vir\u0161uli\u0161ki\u0173 Stogai\": 157 apartments across three 11-story buildings. - Omberg","og_description":"\"Vir\u0161uli\u0161ki\u0173 Stogai\" - surrounded by convenient infrastructure and lush green parks A+ energy-class homes.","og_url":"https:\/\/omberg.lt\/en\/virsuliskiu-stogai\/","og_site_name":"Omberg","article_modified_time":"2026-03-19T15:02:55+00:00","og_image":[{"width":2560,"height":1434,"url":"https:\/\/omberg.lt\/wp-content\/uploads\/2023\/04\/cam1virsuliskiustogaiv05-scaled.jpg","type":"image\/jpeg"}],"twitter_card":"summary_large_image","twitter_misc":{"Est. reading time":"2 minutes"},"schema":{"@context":"https:\/\/schema.org","@graph":[{"@type":"WebPage","@id":"https:\/\/omberg.lt\/en\/virsuliskiu-stogai\/","url":"https:\/\/omberg.lt\/en\/virsuliskiu-stogai\/","name":"\"Vir\u0161uli\u0161ki\u0173 Stogai\": 157 apartments across three 11-story buildings. - Omberg","isPartOf":{"@id":"https:\/\/omberg.lt\/en\/#website"},"primaryImageOfPage":{"@id":"https:\/\/omberg.lt\/en\/virsuliskiu-stogai\/#primaryimage"},"image":{"@id":"https:\/\/omberg.lt\/en\/virsuliskiu-stogai\/#primaryimage"},"thumbnailUrl":"http:\/\/omberg.lt\/app\/uploads\/2023\/04\/cam1virsuliskiustogaiv05-1024x573.jpg","datePublished":"2023-04-21T11:56:31+00:00","dateModified":"2026-03-19T15:02:55+00:00","description":"\"Vir\u0161uli\u0161ki\u0173 Stogai\" - surrounded by convenient infrastructure and lush green parks A+ energy-class homes.","breadcrumb":{"@id":"https:\/\/omberg.lt\/en\/virsuliskiu-stogai\/#breadcrumb"},"inLanguage":"en-US","potentialAction":[{"@type":"ReadAction","target":["https:\/\/omberg.lt\/en\/virsuliskiu-stogai\/"]}]},{"@type":"ImageObject","inLanguage":"en-US","@id":"https:\/\/omberg.lt\/en\/virsuliskiu-stogai\/#primaryimage","url":"http:\/\/omberg.lt\/app\/uploads\/2023\/04\/cam1virsuliskiustogaiv05-1024x573.jpg","contentUrl":"http:\/\/omberg.lt\/app\/uploads\/2023\/04\/cam1virsuliskiustogaiv05-1024x573.jpg"},{"@type":"BreadcrumbList","@id":"https:\/\/omberg.lt\/en\/virsuliskiu-stogai\/#breadcrumb","itemListElement":[{"@type":"ListItem","position":1,"name":"Home","item":"https:\/\/omberg.lt\/en\/omberg-group\/"},{"@type":"ListItem","position":2,"name":"&#8220;Vir\u0161uli\u0161ki\u0173 Stogai&#8221;: 157 apartments across three 11-story buildings."}]},{"@type":"WebSite","@id":"https:\/\/omberg.lt\/en\/#website","url":"https:\/\/omberg.lt\/en\/","name":"Omberg","description":"Namai gyvenimui ir verslui","potentialAction":[{"@type":"SearchAction","target":{"@type":"EntryPoint","urlTemplate":"https:\/\/omberg.lt\/en\/?s={search_term_string}"},"query-input":{"@type":"PropertyValueSpecification","valueRequired":true,"valueName":"search_term_string"}}],"inLanguage":"en-US"}]}},"_links":{"self":[{"href":"https:\/\/omberg.lt\/en\/wp-json\/wp\/v2\/pages\/3865","targetHints":{"allow":["GET"]}}],"collection":[{"href":"https:\/\/omberg.lt\/en\/wp-json\/wp\/v2\/pages"}],"about":[{"href":"https:\/\/omberg.lt\/en\/wp-json\/wp\/v2\/types\/page"}],"author":[{"embeddable":true,"href":"https:\/\/omberg.lt\/en\/wp-json\/wp\/v2\/users\/6"}],"replies":[{"embeddable":true,"href":"https:\/\/omberg.lt\/en\/wp-json\/wp\/v2\/comments?post=3865"}],"version-history":[{"count":4,"href":"https:\/\/omberg.lt\/en\/wp-json\/wp\/v2\/pages\/3865\/revisions"}],"predecessor-version":[{"id":3899,"href":"https:\/\/omberg.lt\/en\/wp-json\/wp\/v2\/pages\/3865\/revisions\/3899"}],"wp:attachment":[{"href":"https:\/\/omberg.lt\/en\/wp-json\/wp\/v2\/media?parent=3865"}],"curies":[{"name":"wp","href":"https:\/\/api.w.org\/{rel}","templated":true}]}}